{"id":80,"date":"2021-05-14T14:05:08","date_gmt":"2021-05-14T12:05:08","guid":{"rendered":"https:\/\/192.168.178.5:8081\/WordPress\/?page_id=80"},"modified":"2021-05-14T14:05:08","modified_gmt":"2021-05-14T12:05:08","slug":"9-welchen-deutlichen-vorteil-hat-eine-therapie-bei-ihnen-gegenueber-einer-therapie-bei-einem-kassentherapeuten","status":"publish","type":"page","link":"https:\/\/www.dialogheilpraxis-kalin.de\/?page_id=80","title":{"rendered":"Welchen Vorteil hat eine Therapie bei Ihnen gegen\u00fcber einer von der Krankenkasse bezahlten Therapie?"},"content":{"rendered":"\n<p class=\"has-medium-font-size\">Im Gegensatz zu Kassentherapeuten gebe ich keine Informationen \u00fcber Ihre Konsultation an Abrechnungsstellen weiter. Bei der Abrechnung \u00fcber Versicherungen, sei es eine private oder die gesetzliche Krankenversicherung, werden Ihre Daten langfristig in Dateien gespeichert, \u00fcber deren Verwendung Sie keinerlei Kontrolle haben. Solche gespeicherten Informationen k\u00f6nnen von erheblichem Nachteil werden, wenn Sie sich beispielsweise f\u00fcr den Staatsdienst bewerben oder eine Lebensversicherung abschlie\u00dfen wollen.<\/p>\n\n\n\n<p class=\"has-medium-font-size\">Die Freiheit, eigenst\u00e4ndig den therapeutischen Weg zu planen, den Sie mit mir gehen, setzt den eigenen Willen voraus, diese therapeutische Arbeit auch selbst zu bezahlen. Wer selbst bezahlt, arbeitet hochmotiviert mit. <\/p>\n\n\n\n<p><\/p>\n\n\n\n<p><a href=\"javascript:history.go(-1)\">zur\u00fcck<\/a><\/p>\n","protected":false},"excerpt":{"rendered":"<p>Im Gegensatz zu Kassentherapeuten gebe ich keine Informationen \u00fcber Ihre Konsultation an Abrechnungsstellen weiter. Bei der Abrechnung \u00fcber Versicherungen, sei es eine private oder die gesetzliche Krankenversicherung, werden Ihre Daten langfristig in Dateien gespeichert, \u00fcber deren Verwendung Sie keinerlei Kontrolle haben. Solche gespeicherten Informationen k\u00f6nnen von erheblichem Nachteil werden, wenn Sie sich beispielsweise f\u00fcr den &hellip; <\/p>\n<p class=\"link-more\"><a href=\"https:\/\/www.dialogheilpraxis-kalin.de\/?page_id=80\" class=\"more-link\"><span class=\"screen-reader-text\">\u201eWelchen Vorteil hat eine Therapie bei Ihnen gegen\u00fcber einer von der Krankenkasse bezahlten Therapie?\u201c <\/span>weiterlesen<\/a><\/p>\n","protected":false},"author":3,"featured_media":545,"parent":0,"menu_order":0,"comment_status":"closed","ping_status":"closed","template":"","meta":{"footnotes":""},"class_list":["post-80","page","type-page","status-publish","has-post-thumbnail","hentry"],"yoast_head":"<!-- This site is optimized with the Yoast SEO plugin v27.4 - https:\/\/yoast.com\/product\/yoast-seo-wordpress\/ -->\n<title>Welchen Vorteil hat eine Therapie bei Ihnen gegen\u00fcber einer von der Krankenkasse bezahlten Therapie? - Dialogheilpraxis Kalin<\/title>\n<meta name=\"robots\" content=\"index, follow, max-snippet:-1, max-image-preview:large, max-video-preview:-1\" \/>\n<link rel=\"canonical\" href=\"https:\/\/www.dialogheilpraxis-kalin.de\/?page_id=80\" \/>\n<meta property=\"og:locale\" content=\"de_DE\" \/>\n<meta property=\"og:type\" content=\"article\" \/>\n<meta property=\"og:title\" content=\"Welchen Vorteil hat eine Therapie bei Ihnen gegen\u00fcber einer von der Krankenkasse bezahlten Therapie? - Dialogheilpraxis Kalin\" \/>\n<meta property=\"og:description\" content=\"Im Gegensatz zu Kassentherapeuten gebe ich keine Informationen \u00fcber Ihre Konsultation an Abrechnungsstellen weiter. Bei der Abrechnung \u00fcber Versicherungen, sei es eine private oder die gesetzliche Krankenversicherung, werden Ihre Daten langfristig in Dateien gespeichert, \u00fcber deren Verwendung Sie keinerlei Kontrolle haben. Solche gespeicherten Informationen k\u00f6nnen von erheblichem Nachteil werden, wenn Sie sich beispielsweise f\u00fcr den &hellip; \u201eWelchen Vorteil hat eine Therapie bei Ihnen gegen\u00fcber einer von der Krankenkasse bezahlten Therapie?\u201c weiterlesen\" \/>\n<meta property=\"og:url\" content=\"https:\/\/www.dialogheilpraxis-kalin.de\/?page_id=80\" \/>\n<meta property=\"og:site_name\" content=\"Dialogheilpraxis Kalin\" \/>\n<meta property=\"og:image\" content=\"https:\/\/www.dialogheilpraxis-kalin.de\/wp-content\/uploads\/2022\/11\/Teddys-am-Fenster-1.jpg\" \/>\n\t<meta property=\"og:image:width\" content=\"2560\" \/>\n\t<meta property=\"og:image:height\" content=\"1920\" \/>\n\t<meta property=\"og:image:type\" content=\"image\/jpeg\" \/>\n<meta name=\"twitter:card\" content=\"summary_large_image\" \/>\n<script type=\"application\/ld+json\" class=\"yoast-schema-graph\">{\"@context\":\"https:\\\/\\\/schema.org\",\"@graph\":[{\"@type\":\"WebPage\",\"@id\":\"https:\\\/\\\/www.dialogheilpraxis-kalin.de\\\/?page_id=80\",\"url\":\"https:\\\/\\\/www.dialogheilpraxis-kalin.de\\\/?page_id=80\",\"name\":\"Welchen Vorteil hat eine Therapie bei Ihnen gegen\u00fcber einer von der Krankenkasse bezahlten Therapie? - Dialogheilpraxis Kalin\",\"isPartOf\":{\"@id\":\"https:\\\/\\\/www.dialogheilpraxis-kalin.de\\\/#website\"},\"primaryImageOfPage\":{\"@id\":\"https:\\\/\\\/www.dialogheilpraxis-kalin.de\\\/?page_id=80#primaryimage\"},\"image\":{\"@id\":\"https:\\\/\\\/www.dialogheilpraxis-kalin.de\\\/?page_id=80#primaryimage\"},\"thumbnailUrl\":\"https:\\\/\\\/www.dialogheilpraxis-kalin.de\\\/wp-content\\\/uploads\\\/2022\\\/11\\\/Teddys-am-Fenster-1.jpg\",\"datePublished\":\"2021-05-14T12:05:08+00:00\",\"breadcrumb\":{\"@id\":\"https:\\\/\\\/www.dialogheilpraxis-kalin.de\\\/?page_id=80#breadcrumb\"},\"inLanguage\":\"de\",\"potentialAction\":[{\"@type\":\"ReadAction\",\"target\":[\"https:\\\/\\\/www.dialogheilpraxis-kalin.de\\\/?page_id=80\"]}]},{\"@type\":\"ImageObject\",\"inLanguage\":\"de\",\"@id\":\"https:\\\/\\\/www.dialogheilpraxis-kalin.de\\\/?page_id=80#primaryimage\",\"url\":\"https:\\\/\\\/www.dialogheilpraxis-kalin.de\\\/wp-content\\\/uploads\\\/2022\\\/11\\\/Teddys-am-Fenster-1.jpg\",\"contentUrl\":\"https:\\\/\\\/www.dialogheilpraxis-kalin.de\\\/wp-content\\\/uploads\\\/2022\\\/11\\\/Teddys-am-Fenster-1.jpg\",\"width\":2560,\"height\":1920,\"caption\":\"Teddys-am-Fenster\"},{\"@type\":\"BreadcrumbList\",\"@id\":\"https:\\\/\\\/www.dialogheilpraxis-kalin.de\\\/?page_id=80#breadcrumb\",\"itemListElement\":[{\"@type\":\"ListItem\",\"position\":1,\"name\":\"Startseite\",\"item\":\"https:\\\/\\\/www.dialogheilpraxis-kalin.de\\\/\"},{\"@type\":\"ListItem\",\"position\":2,\"name\":\"Welchen Vorteil hat eine Therapie bei Ihnen gegen\u00fcber einer von der Krankenkasse bezahlten Therapie?\"}]},{\"@type\":\"WebSite\",\"@id\":\"https:\\\/\\\/www.dialogheilpraxis-kalin.de\\\/#website\",\"url\":\"https:\\\/\\\/www.dialogheilpraxis-kalin.de\\\/\",\"name\":\"Dialogheilpraxis Kalin\",\"description\":\"Diplom P\u00e4dagoge Manfred Kalin\",\"potentialAction\":[{\"@type\":\"SearchAction\",\"target\":{\"@type\":\"EntryPoint\",\"urlTemplate\":\"https:\\\/\\\/www.dialogheilpraxis-kalin.de\\\/?s={search_term_string}\"},\"query-input\":{\"@type\":\"PropertyValueSpecification\",\"valueRequired\":true,\"valueName\":\"search_term_string\"}}],\"inLanguage\":\"de\"}]}<\/script>\n<!-- \/ Yoast SEO plugin. -->","yoast_head_json":{"title":"Welchen Vorteil hat eine Therapie bei Ihnen gegen\u00fcber einer von der Krankenkasse bezahlten Therapie? - Dialogheilpraxis Kalin","robots":{"index":"index","follow":"follow","max-snippet":"max-snippet:-1","max-image-preview":"max-image-preview:large","max-video-preview":"max-video-preview:-1"},"canonical":"https:\/\/www.dialogheilpraxis-kalin.de\/?page_id=80","og_locale":"de_DE","og_type":"article","og_title":"Welchen Vorteil hat eine Therapie bei Ihnen gegen\u00fcber einer von der Krankenkasse bezahlten Therapie? - Dialogheilpraxis Kalin","og_description":"Im Gegensatz zu Kassentherapeuten gebe ich keine Informationen \u00fcber Ihre Konsultation an Abrechnungsstellen weiter. Bei der Abrechnung \u00fcber Versicherungen, sei es eine private oder die gesetzliche Krankenversicherung, werden Ihre Daten langfristig in Dateien gespeichert, \u00fcber deren Verwendung Sie keinerlei Kontrolle haben. Solche gespeicherten Informationen k\u00f6nnen von erheblichem Nachteil werden, wenn Sie sich beispielsweise f\u00fcr den &hellip; \u201eWelchen Vorteil hat eine Therapie bei Ihnen gegen\u00fcber einer von der Krankenkasse bezahlten Therapie?\u201c weiterlesen","og_url":"https:\/\/www.dialogheilpraxis-kalin.de\/?page_id=80","og_site_name":"Dialogheilpraxis Kalin","og_image":[{"width":2560,"height":1920,"url":"https:\/\/www.dialogheilpraxis-kalin.de\/wp-content\/uploads\/2022\/11\/Teddys-am-Fenster-1.jpg","type":"image\/jpeg"}],"twitter_card":"summary_large_image","schema":{"@context":"https:\/\/schema.org","@graph":[{"@type":"WebPage","@id":"https:\/\/www.dialogheilpraxis-kalin.de\/?page_id=80","url":"https:\/\/www.dialogheilpraxis-kalin.de\/?page_id=80","name":"Welchen Vorteil hat eine Therapie bei Ihnen gegen\u00fcber einer von der Krankenkasse bezahlten Therapie? - Dialogheilpraxis Kalin","isPartOf":{"@id":"https:\/\/www.dialogheilpraxis-kalin.de\/#website"},"primaryImageOfPage":{"@id":"https:\/\/www.dialogheilpraxis-kalin.de\/?page_id=80#primaryimage"},"image":{"@id":"https:\/\/www.dialogheilpraxis-kalin.de\/?page_id=80#primaryimage"},"thumbnailUrl":"https:\/\/www.dialogheilpraxis-kalin.de\/wp-content\/uploads\/2022\/11\/Teddys-am-Fenster-1.jpg","datePublished":"2021-05-14T12:05:08+00:00","breadcrumb":{"@id":"https:\/\/www.dialogheilpraxis-kalin.de\/?page_id=80#breadcrumb"},"inLanguage":"de","potentialAction":[{"@type":"ReadAction","target":["https:\/\/www.dialogheilpraxis-kalin.de\/?page_id=80"]}]},{"@type":"ImageObject","inLanguage":"de","@id":"https:\/\/www.dialogheilpraxis-kalin.de\/?page_id=80#primaryimage","url":"https:\/\/www.dialogheilpraxis-kalin.de\/wp-content\/uploads\/2022\/11\/Teddys-am-Fenster-1.jpg","contentUrl":"https:\/\/www.dialogheilpraxis-kalin.de\/wp-content\/uploads\/2022\/11\/Teddys-am-Fenster-1.jpg","width":2560,"height":1920,"caption":"Teddys-am-Fenster"},{"@type":"BreadcrumbList","@id":"https:\/\/www.dialogheilpraxis-kalin.de\/?page_id=80#breadcrumb","itemListElement":[{"@type":"ListItem","position":1,"name":"Startseite","item":"https:\/\/www.dialogheilpraxis-kalin.de\/"},{"@type":"ListItem","position":2,"name":"Welchen Vorteil hat eine Therapie bei Ihnen gegen\u00fcber einer von der Krankenkasse bezahlten Therapie?"}]},{"@type":"WebSite","@id":"https:\/\/www.dialogheilpraxis-kalin.de\/#website","url":"https:\/\/www.dialogheilpraxis-kalin.de\/","name":"Dialogheilpraxis Kalin","description":"Diplom P\u00e4dagoge Manfred Kalin","potentialAction":[{"@type":"SearchAction","target":{"@type":"EntryPoint","urlTemplate":"https:\/\/www.dialogheilpraxis-kalin.de\/?s={search_term_string}"},"query-input":{"@type":"PropertyValueSpecification","valueRequired":true,"valueName":"search_term_string"}}],"inLanguage":"de"}]}},"_links":{"self":[{"href":"https:\/\/www.dialogheilpraxis-kalin.de\/index.php?rest_route=\/wp\/v2\/pages\/80","targetHints":{"allow":["GET"]}}],"collection":[{"href":"https:\/\/www.dialogheilpraxis-kalin.de\/index.php?rest_route=\/wp\/v2\/pages"}],"about":[{"href":"https:\/\/www.dialogheilpraxis-kalin.de\/index.php?rest_route=\/wp\/v2\/types\/page"}],"author":[{"embeddable":true,"href":"https:\/\/www.dialogheilpraxis-kalin.de\/index.php?rest_route=\/wp\/v2\/users\/3"}],"replies":[{"embeddable":true,"href":"https:\/\/www.dialogheilpraxis-kalin.de\/index.php?rest_route=%2Fwp%2Fv2%2Fcomments&post=80"}],"version-history":[{"count":0,"href":"https:\/\/www.dialogheilpraxis-kalin.de\/index.php?rest_route=\/wp\/v2\/pages\/80\/revisions"}],"wp:featuredmedia":[{"embeddable":true,"href":"https:\/\/www.dialogheilpraxis-kalin.de\/index.php?rest_route=\/wp\/v2\/media\/545"}],"wp:attachment":[{"href":"https:\/\/www.dialogheilpraxis-kalin.de\/index.php?rest_route=%2Fwp%2Fv2%2Fmedia&parent=80"}],"curies":[{"name":"wp","href":"https:\/\/api.w.org\/{rel}","templated":true}]}}