{"id":8,"date":"2021-05-14T10:29:28","date_gmt":"2021-05-14T08:29:28","guid":{"rendered":"https:\/\/192.168.178.5:8081\/WordPress\/?page_id=7"},"modified":"2025-12-16T17:22:10","modified_gmt":"2025-12-16T16:22:10","slug":"dialogheilpraxis-psychotherapie","status":"publish","type":"page","link":"https:\/\/www.dialogheilpraxis-kalin.de\/","title":{"rendered":"Herzlich willkommen!"},"content":{"rendered":"\n<p class=\"has-medium-font-size\">Ich hei\u00dfe Manfred Kalin, betreibe die Dialogheilpraxis Kalin und bin Heilpraktiker f\u00fcr Psychotherapie in Fulda. Auf meiner Seite biete ich Informationen an, wie Sie eine Therapie bei mir beginnen k\u00f6nnen und was Sie erwartet.<\/p>\n\n\n\n<p class=\"has-medium-font-size\">Zur Vorbereitung habe ich im Men\u00fcpunkt <a href=\"https:\/\/www.dialogheilpraxis-kalin.de\/index.php\/die-fragen-an-mich\/\" data-type=\"page\" data-id=\"59\">FRAGEN<\/a> viele Informationen f\u00fcr Sie bereitgestellt. <\/p>\n\n\n\n<p class=\"has-medium-font-size\">Termine werden telefonisch vereinbart.<\/p>\n\n\n\n<p class=\"has-medium-font-size\">Bitte schreiben Sie mir keine Diagnosen und Problemschilderungen per E-Mail. Wir besprechen alles wenn Sie hier sind.  Auch die Folgetermine machen wir in der Praxis aus. <\/p>\n\n\n\n<p class=\"has-medium-font-size\">Unter dem Stichwort <a href=\"https:\/\/www.dialogheilpraxis-kalin.de\/index.php\/weiterlesen\/\" data-type=\"page\" data-id=\"131\">WEITERLESEN<\/a> gebe ich Anregungen f\u00fcr Menschen, die sich mit dem Thema weiter besch\u00e4ftigen wollen. <\/p>\n\n\n\n<p class=\"has-medium-font-size\">Herzlichst<\/p>\n\n\n\n<p class=\"has-medium-font-size\">Ihr&nbsp; Manfred Kalin<\/p>\n\n\n\n<p><\/p>\n","protected":false},"excerpt":{"rendered":"<p>Ich hei\u00dfe Manfred Kalin, betreibe die Dialogheilpraxis Kalin und bin Heilpraktiker f\u00fcr Psychotherapie in Fulda. Auf meiner Seite biete ich Informationen an, wie Sie eine Therapie bei mir beginnen k\u00f6nnen und was Sie erwartet. Zur Vorbereitung habe ich im Men\u00fcpunkt FRAGEN viele Informationen f\u00fcr Sie bereitgestellt. Termine werden telefonisch vereinbart. Bitte schreiben Sie mir keine &hellip; <\/p>\n<p class=\"link-more\"><a href=\"https:\/\/www.dialogheilpraxis-kalin.de\/\" class=\"more-link\"><span class=\"screen-reader-text\">\u201eHerzlich willkommen!\u201c <\/span>weiterlesen<\/a><\/p>\n","protected":false},"author":3,"featured_media":555,"parent":0,"menu_order":0,"comment_status":"closed","ping_status":"closed","template":"","meta":{"footnotes":""},"class_list":["post-8","page","type-page","status-publish","has-post-thumbnail","hentry"],"yoast_head":"<!-- This site is optimized with the Yoast SEO plugin v27.4 - https:\/\/yoast.com\/product\/yoast-seo-wordpress\/ -->\n<title>Psychotherapie Herzlich willkommen! Dialogheilpraxis Kalin<\/title>\n<meta name=\"description\" content=\"Ich hei\u00dfe Manfred Kalin und bin Heilpraktiker f\u00fcr Psychotherapie. Herzlich Willkommen in der Dialogheilpraxis Kalin.\" \/>\n<meta name=\"robots\" content=\"index, follow, max-snippet:-1, max-image-preview:large, max-video-preview:-1\" \/>\n<link rel=\"canonical\" href=\"https:\/\/www.dialogheilpraxis-kalin.de\/\" \/>\n<meta property=\"og:locale\" content=\"de_DE\" \/>\n<meta property=\"og:type\" content=\"article\" \/>\n<meta property=\"og:title\" content=\"Psychotherapie Herzlich willkommen! Dialogheilpraxis Kalin\" \/>\n<meta property=\"og:description\" content=\"Ich hei\u00dfe Manfred Kalin und bin Heilpraktiker f\u00fcr Psychotherapie. Herzlich Willkommen in der Dialogheilpraxis Kalin.\" \/>\n<meta property=\"og:url\" content=\"https:\/\/www.dialogheilpraxis-kalin.de\/\" \/>\n<meta property=\"og:site_name\" content=\"Dialogheilpraxis Kalin\" \/>\n<meta property=\"article:modified_time\" content=\"2025-12-16T16:22:10+00:00\" \/>\n<meta property=\"og:image\" content=\"https:\/\/www.dialogheilpraxis-kalin.de\/wp-content\/uploads\/2022\/11\/Manfred-Flyerfoto-1.jpg\" \/>\n\t<meta property=\"og:image:width\" content=\"1920\" \/>\n\t<meta property=\"og:image:height\" content=\"2560\" \/>\n\t<meta property=\"og:image:type\" content=\"image\/jpeg\" \/>\n<meta name=\"twitter:card\" content=\"summary_large_image\" \/>\n<meta name=\"twitter:label1\" content=\"Gesch\u00e4tzte Lesezeit\" \/>\n\t<meta name=\"twitter:data1\" content=\"1\u00a0Minute\" \/>\n<script type=\"application\/ld+json\" class=\"yoast-schema-graph\">{\"@context\":\"https:\\\/\\\/schema.org\",\"@graph\":[{\"@type\":\"WebPage\",\"@id\":\"https:\\\/\\\/www.dialogheilpraxis-kalin.de\\\/\",\"url\":\"https:\\\/\\\/www.dialogheilpraxis-kalin.de\\\/\",\"name\":\"Psychotherapie Herzlich willkommen! Dialogheilpraxis Kalin\",\"isPartOf\":{\"@id\":\"https:\\\/\\\/www.dialogheilpraxis-kalin.de\\\/#website\"},\"primaryImageOfPage\":{\"@id\":\"https:\\\/\\\/www.dialogheilpraxis-kalin.de\\\/#primaryimage\"},\"image\":{\"@id\":\"https:\\\/\\\/www.dialogheilpraxis-kalin.de\\\/#primaryimage\"},\"thumbnailUrl\":\"https:\\\/\\\/www.dialogheilpraxis-kalin.de\\\/wp-content\\\/uploads\\\/2022\\\/11\\\/Manfred-Flyerfoto-1.jpg\",\"datePublished\":\"2021-05-14T08:29:28+00:00\",\"dateModified\":\"2025-12-16T16:22:10+00:00\",\"description\":\"Ich hei\u00dfe Manfred Kalin und bin Heilpraktiker f\u00fcr Psychotherapie. Herzlich Willkommen in der Dialogheilpraxis Kalin.\",\"breadcrumb\":{\"@id\":\"https:\\\/\\\/www.dialogheilpraxis-kalin.de\\\/#breadcrumb\"},\"inLanguage\":\"de\",\"potentialAction\":[{\"@type\":\"ReadAction\",\"target\":[\"https:\\\/\\\/www.dialogheilpraxis-kalin.de\\\/\"]}]},{\"@type\":\"ImageObject\",\"inLanguage\":\"de\",\"@id\":\"https:\\\/\\\/www.dialogheilpraxis-kalin.de\\\/#primaryimage\",\"url\":\"https:\\\/\\\/www.dialogheilpraxis-kalin.de\\\/wp-content\\\/uploads\\\/2022\\\/11\\\/Manfred-Flyerfoto-1.jpg\",\"contentUrl\":\"https:\\\/\\\/www.dialogheilpraxis-kalin.de\\\/wp-content\\\/uploads\\\/2022\\\/11\\\/Manfred-Flyerfoto-1.jpg\",\"width\":1920,\"height\":2560,\"caption\":\"Manfred-Flyerfoto\"},{\"@type\":\"BreadcrumbList\",\"@id\":\"https:\\\/\\\/www.dialogheilpraxis-kalin.de\\\/#breadcrumb\",\"itemListElement\":[{\"@type\":\"ListItem\",\"position\":1,\"name\":\"Startseite\",\"item\":\"https:\\\/\\\/www.dialogheilpraxis-kalin.de\\\/\"},{\"@type\":\"ListItem\",\"position\":2,\"name\":\"Herzlich willkommen!\"}]},{\"@type\":\"WebSite\",\"@id\":\"https:\\\/\\\/www.dialogheilpraxis-kalin.de\\\/#website\",\"url\":\"https:\\\/\\\/www.dialogheilpraxis-kalin.de\\\/\",\"name\":\"Dialogheilpraxis Kalin\",\"description\":\"Diplom P\u00e4dagoge Manfred Kalin\",\"potentialAction\":[{\"@type\":\"SearchAction\",\"target\":{\"@type\":\"EntryPoint\",\"urlTemplate\":\"https:\\\/\\\/www.dialogheilpraxis-kalin.de\\\/?s={search_term_string}\"},\"query-input\":{\"@type\":\"PropertyValueSpecification\",\"valueRequired\":true,\"valueName\":\"search_term_string\"}}],\"inLanguage\":\"de\"}]}<\/script>\n<!-- \/ Yoast SEO plugin. -->","yoast_head_json":{"title":"Psychotherapie Herzlich willkommen! Dialogheilpraxis Kalin","description":"Ich hei\u00dfe Manfred Kalin und bin Heilpraktiker f\u00fcr Psychotherapie. Herzlich Willkommen in der Dialogheilpraxis Kalin.","robots":{"index":"index","follow":"follow","max-snippet":"max-snippet:-1","max-image-preview":"max-image-preview:large","max-video-preview":"max-video-preview:-1"},"canonical":"https:\/\/www.dialogheilpraxis-kalin.de\/","og_locale":"de_DE","og_type":"article","og_title":"Psychotherapie Herzlich willkommen! Dialogheilpraxis Kalin","og_description":"Ich hei\u00dfe Manfred Kalin und bin Heilpraktiker f\u00fcr Psychotherapie. Herzlich Willkommen in der Dialogheilpraxis Kalin.","og_url":"https:\/\/www.dialogheilpraxis-kalin.de\/","og_site_name":"Dialogheilpraxis Kalin","article_modified_time":"2025-12-16T16:22:10+00:00","og_image":[{"width":1920,"height":2560,"url":"https:\/\/www.dialogheilpraxis-kalin.de\/wp-content\/uploads\/2022\/11\/Manfred-Flyerfoto-1.jpg","type":"image\/jpeg"}],"twitter_card":"summary_large_image","twitter_misc":{"Gesch\u00e4tzte Lesezeit":"1\u00a0Minute"},"schema":{"@context":"https:\/\/schema.org","@graph":[{"@type":"WebPage","@id":"https:\/\/www.dialogheilpraxis-kalin.de\/","url":"https:\/\/www.dialogheilpraxis-kalin.de\/","name":"Psychotherapie Herzlich willkommen! Dialogheilpraxis Kalin","isPartOf":{"@id":"https:\/\/www.dialogheilpraxis-kalin.de\/#website"},"primaryImageOfPage":{"@id":"https:\/\/www.dialogheilpraxis-kalin.de\/#primaryimage"},"image":{"@id":"https:\/\/www.dialogheilpraxis-kalin.de\/#primaryimage"},"thumbnailUrl":"https:\/\/www.dialogheilpraxis-kalin.de\/wp-content\/uploads\/2022\/11\/Manfred-Flyerfoto-1.jpg","datePublished":"2021-05-14T08:29:28+00:00","dateModified":"2025-12-16T16:22:10+00:00","description":"Ich hei\u00dfe Manfred Kalin und bin Heilpraktiker f\u00fcr Psychotherapie. Herzlich Willkommen in der Dialogheilpraxis Kalin.","breadcrumb":{"@id":"https:\/\/www.dialogheilpraxis-kalin.de\/#breadcrumb"},"inLanguage":"de","potentialAction":[{"@type":"ReadAction","target":["https:\/\/www.dialogheilpraxis-kalin.de\/"]}]},{"@type":"ImageObject","inLanguage":"de","@id":"https:\/\/www.dialogheilpraxis-kalin.de\/#primaryimage","url":"https:\/\/www.dialogheilpraxis-kalin.de\/wp-content\/uploads\/2022\/11\/Manfred-Flyerfoto-1.jpg","contentUrl":"https:\/\/www.dialogheilpraxis-kalin.de\/wp-content\/uploads\/2022\/11\/Manfred-Flyerfoto-1.jpg","width":1920,"height":2560,"caption":"Manfred-Flyerfoto"},{"@type":"BreadcrumbList","@id":"https:\/\/www.dialogheilpraxis-kalin.de\/#breadcrumb","itemListElement":[{"@type":"ListItem","position":1,"name":"Startseite","item":"https:\/\/www.dialogheilpraxis-kalin.de\/"},{"@type":"ListItem","position":2,"name":"Herzlich willkommen!"}]},{"@type":"WebSite","@id":"https:\/\/www.dialogheilpraxis-kalin.de\/#website","url":"https:\/\/www.dialogheilpraxis-kalin.de\/","name":"Dialogheilpraxis Kalin","description":"Diplom P\u00e4dagoge Manfred Kalin","potentialAction":[{"@type":"SearchAction","target":{"@type":"EntryPoint","urlTemplate":"https:\/\/www.dialogheilpraxis-kalin.de\/?s={search_term_string}"},"query-input":{"@type":"PropertyValueSpecification","valueRequired":true,"valueName":"search_term_string"}}],"inLanguage":"de"}]}},"_links":{"self":[{"href":"https:\/\/www.dialogheilpraxis-kalin.de\/index.php?rest_route=\/wp\/v2\/pages\/8","targetHints":{"allow":["GET"]}}],"collection":[{"href":"https:\/\/www.dialogheilpraxis-kalin.de\/index.php?rest_route=\/wp\/v2\/pages"}],"about":[{"href":"https:\/\/www.dialogheilpraxis-kalin.de\/index.php?rest_route=\/wp\/v2\/types\/page"}],"author":[{"embeddable":true,"href":"https:\/\/www.dialogheilpraxis-kalin.de\/index.php?rest_route=\/wp\/v2\/users\/3"}],"replies":[{"embeddable":true,"href":"https:\/\/www.dialogheilpraxis-kalin.de\/index.php?rest_route=%2Fwp%2Fv2%2Fcomments&post=8"}],"version-history":[{"count":3,"href":"https:\/\/www.dialogheilpraxis-kalin.de\/index.php?rest_route=\/wp\/v2\/pages\/8\/revisions"}],"predecessor-version":[{"id":743,"href":"https:\/\/www.dialogheilpraxis-kalin.de\/index.php?rest_route=\/wp\/v2\/pages\/8\/revisions\/743"}],"wp:featuredmedia":[{"embeddable":true,"href":"https:\/\/www.dialogheilpraxis-kalin.de\/index.php?rest_route=\/wp\/v2\/media\/555"}],"wp:attachment":[{"href":"https:\/\/www.dialogheilpraxis-kalin.de\/index.php?rest_route=%2Fwp%2Fv2%2Fmedia&parent=8"}],"curies":[{"name":"wp","href":"https:\/\/api.w.org\/{rel}","templated":true}]}}