{"id":78,"date":"2021-05-14T14:04:41","date_gmt":"2021-05-14T12:04:41","guid":{"rendered":"https:\/\/192.168.178.5:8081\/WordPress\/?page_id=78"},"modified":"2021-05-14T14:04:41","modified_gmt":"2021-05-14T12:04:41","slug":"8-kann-ich-zu-ihnen-in-therapie-kommen-obwohl-mein-hausarzt-sagt-mir-fehle-nichts-ich-solle-mich-nicht-so-anstellen","status":"publish","type":"page","link":"https:\/\/www.dialogheilpraxis-kalin.de\/?page_id=78","title":{"rendered":"Kann ich zu Ihnen in Therapie kommen, obwohl mein Hausarzt sagt, mir fehle nichts, ich solle mich nicht so anstellen?"},"content":{"rendered":"\n<p class=\"has-medium-font-size\">Kommen Sie zu mir, wenn Sie den Wunsch nach Ver\u00e4nderung und Unterst\u00fctzung haben. Sie entscheiden \u00fcber den Zeitpunkt, ab dem Sie Hilfe ben\u00f6tigen. Wer diesen Zeitpunkt selbst\u00e4ndig w\u00e4hlt, arbeitet bereits an seiner Selbstheilung. Der Entschluss dazu ist enorm wichtig. Sie willigen n\u00e4mlich darin ein, dass es so nicht weitergehen soll. Wer kann das besser wissen als Sie selbst.<\/p>\n\n\n\n<p><\/p>\n","protected":false},"excerpt":{"rendered":"<p>Kommen Sie zu mir, wenn Sie den Wunsch nach Ver\u00e4nderung und Unterst\u00fctzung haben. Sie entscheiden \u00fcber den Zeitpunkt, ab dem Sie Hilfe ben\u00f6tigen. Wer diesen Zeitpunkt selbst\u00e4ndig w\u00e4hlt, arbeitet bereits an seiner Selbstheilung. Der Entschluss dazu ist enorm wichtig. Sie willigen n\u00e4mlich darin ein, dass es so nicht weitergehen soll. Wer kann das besser wissen &hellip; <\/p>\n<p class=\"link-more\"><a href=\"https:\/\/www.dialogheilpraxis-kalin.de\/?page_id=78\" class=\"more-link\"><span class=\"screen-reader-text\">\u201eKann ich zu Ihnen in Therapie kommen, obwohl mein Hausarzt sagt, mir fehle nichts, ich solle mich nicht so anstellen?\u201c <\/span>weiterlesen<\/a><\/p>\n","protected":false},"author":3,"featured_media":546,"parent":0,"menu_order":0,"comment_status":"closed","ping_status":"closed","template":"","meta":{"footnotes":""},"class_list":["post-78","page","type-page","status-publish","has-post-thumbnail","hentry"],"yoast_head":"<!-- This site is optimized with the Yoast SEO plugin v27.4 - https:\/\/yoast.com\/product\/yoast-seo-wordpress\/ -->\n<title>Kann ich zu Ihnen in Therapie kommen, obwohl mein Hausarzt sagt, mir fehle nichts, ich solle mich nicht so anstellen? - Dialogheilpraxis Kalin<\/title>\n<meta name=\"robots\" content=\"index, follow, max-snippet:-1, max-image-preview:large, max-video-preview:-1\" \/>\n<link rel=\"canonical\" href=\"https:\/\/www.dialogheilpraxis-kalin.de\/?page_id=78\" \/>\n<meta property=\"og:locale\" content=\"de_DE\" \/>\n<meta property=\"og:type\" content=\"article\" \/>\n<meta property=\"og:title\" content=\"Kann ich zu Ihnen in Therapie kommen, obwohl mein Hausarzt sagt, mir fehle nichts, ich solle mich nicht so anstellen? - Dialogheilpraxis Kalin\" \/>\n<meta property=\"og:description\" content=\"Kommen Sie zu mir, wenn Sie den Wunsch nach Ver\u00e4nderung und Unterst\u00fctzung haben. Sie entscheiden \u00fcber den Zeitpunkt, ab dem Sie Hilfe ben\u00f6tigen. Wer diesen Zeitpunkt selbst\u00e4ndig w\u00e4hlt, arbeitet bereits an seiner Selbstheilung. Der Entschluss dazu ist enorm wichtig. Sie willigen n\u00e4mlich darin ein, dass es so nicht weitergehen soll. Wer kann das besser wissen &hellip; \u201eKann ich zu Ihnen in Therapie kommen, obwohl mein Hausarzt sagt, mir fehle nichts, ich solle mich nicht so anstellen?\u201c weiterlesen\" \/>\n<meta property=\"og:url\" content=\"https:\/\/www.dialogheilpraxis-kalin.de\/?page_id=78\" \/>\n<meta property=\"og:site_name\" content=\"Dialogheilpraxis Kalin\" \/>\n<meta property=\"og:image\" content=\"https:\/\/www.dialogheilpraxis-kalin.de\/wp-content\/uploads\/2022\/11\/Wolken-mit-Gruenzeug-1.jpg\" \/>\n\t<meta property=\"og:image:width\" content=\"2560\" \/>\n\t<meta property=\"og:image:height\" content=\"1714\" \/>\n\t<meta property=\"og:image:type\" content=\"image\/jpeg\" \/>\n<meta name=\"twitter:card\" content=\"summary_large_image\" \/>\n<script type=\"application\/ld+json\" class=\"yoast-schema-graph\">{\"@context\":\"https:\\\/\\\/schema.org\",\"@graph\":[{\"@type\":\"WebPage\",\"@id\":\"https:\\\/\\\/www.dialogheilpraxis-kalin.de\\\/?page_id=78\",\"url\":\"https:\\\/\\\/www.dialogheilpraxis-kalin.de\\\/?page_id=78\",\"name\":\"Kann ich zu Ihnen in Therapie kommen, obwohl mein Hausarzt sagt, mir fehle nichts, ich solle mich nicht so anstellen? - Dialogheilpraxis Kalin\",\"isPartOf\":{\"@id\":\"https:\\\/\\\/www.dialogheilpraxis-kalin.de\\\/#website\"},\"primaryImageOfPage\":{\"@id\":\"https:\\\/\\\/www.dialogheilpraxis-kalin.de\\\/?page_id=78#primaryimage\"},\"image\":{\"@id\":\"https:\\\/\\\/www.dialogheilpraxis-kalin.de\\\/?page_id=78#primaryimage\"},\"thumbnailUrl\":\"https:\\\/\\\/www.dialogheilpraxis-kalin.de\\\/wp-content\\\/uploads\\\/2022\\\/11\\\/Wolken-mit-Gruenzeug-1.jpg\",\"datePublished\":\"2021-05-14T12:04:41+00:00\",\"breadcrumb\":{\"@id\":\"https:\\\/\\\/www.dialogheilpraxis-kalin.de\\\/?page_id=78#breadcrumb\"},\"inLanguage\":\"de\",\"potentialAction\":[{\"@type\":\"ReadAction\",\"target\":[\"https:\\\/\\\/www.dialogheilpraxis-kalin.de\\\/?page_id=78\"]}]},{\"@type\":\"ImageObject\",\"inLanguage\":\"de\",\"@id\":\"https:\\\/\\\/www.dialogheilpraxis-kalin.de\\\/?page_id=78#primaryimage\",\"url\":\"https:\\\/\\\/www.dialogheilpraxis-kalin.de\\\/wp-content\\\/uploads\\\/2022\\\/11\\\/Wolken-mit-Gruenzeug-1.jpg\",\"contentUrl\":\"https:\\\/\\\/www.dialogheilpraxis-kalin.de\\\/wp-content\\\/uploads\\\/2022\\\/11\\\/Wolken-mit-Gruenzeug-1.jpg\",\"width\":2560,\"height\":1714,\"caption\":\"Wolken-mit-Gruenzeug\"},{\"@type\":\"BreadcrumbList\",\"@id\":\"https:\\\/\\\/www.dialogheilpraxis-kalin.de\\\/?page_id=78#breadcrumb\",\"itemListElement\":[{\"@type\":\"ListItem\",\"position\":1,\"name\":\"Startseite\",\"item\":\"https:\\\/\\\/www.dialogheilpraxis-kalin.de\\\/\"},{\"@type\":\"ListItem\",\"position\":2,\"name\":\"Kann ich zu Ihnen in Therapie kommen, obwohl mein Hausarzt sagt, mir fehle nichts, ich solle mich nicht so anstellen?\"}]},{\"@type\":\"WebSite\",\"@id\":\"https:\\\/\\\/www.dialogheilpraxis-kalin.de\\\/#website\",\"url\":\"https:\\\/\\\/www.dialogheilpraxis-kalin.de\\\/\",\"name\":\"Dialogheilpraxis Kalin\",\"description\":\"Diplom P\u00e4dagoge Manfred Kalin\",\"potentialAction\":[{\"@type\":\"SearchAction\",\"target\":{\"@type\":\"EntryPoint\",\"urlTemplate\":\"https:\\\/\\\/www.dialogheilpraxis-kalin.de\\\/?s={search_term_string}\"},\"query-input\":{\"@type\":\"PropertyValueSpecification\",\"valueRequired\":true,\"valueName\":\"search_term_string\"}}],\"inLanguage\":\"de\"}]}<\/script>\n<!-- \/ Yoast SEO plugin. -->","yoast_head_json":{"title":"Kann ich zu Ihnen in Therapie kommen, obwohl mein Hausarzt sagt, mir fehle nichts, ich solle mich nicht so anstellen? - Dialogheilpraxis Kalin","robots":{"index":"index","follow":"follow","max-snippet":"max-snippet:-1","max-image-preview":"max-image-preview:large","max-video-preview":"max-video-preview:-1"},"canonical":"https:\/\/www.dialogheilpraxis-kalin.de\/?page_id=78","og_locale":"de_DE","og_type":"article","og_title":"Kann ich zu Ihnen in Therapie kommen, obwohl mein Hausarzt sagt, mir fehle nichts, ich solle mich nicht so anstellen? - Dialogheilpraxis Kalin","og_description":"Kommen Sie zu mir, wenn Sie den Wunsch nach Ver\u00e4nderung und Unterst\u00fctzung haben. Sie entscheiden \u00fcber den Zeitpunkt, ab dem Sie Hilfe ben\u00f6tigen. Wer diesen Zeitpunkt selbst\u00e4ndig w\u00e4hlt, arbeitet bereits an seiner Selbstheilung. Der Entschluss dazu ist enorm wichtig. Sie willigen n\u00e4mlich darin ein, dass es so nicht weitergehen soll. Wer kann das besser wissen &hellip; \u201eKann ich zu Ihnen in Therapie kommen, obwohl mein Hausarzt sagt, mir fehle nichts, ich solle mich nicht so anstellen?\u201c weiterlesen","og_url":"https:\/\/www.dialogheilpraxis-kalin.de\/?page_id=78","og_site_name":"Dialogheilpraxis Kalin","og_image":[{"width":2560,"height":1714,"url":"https:\/\/www.dialogheilpraxis-kalin.de\/wp-content\/uploads\/2022\/11\/Wolken-mit-Gruenzeug-1.jpg","type":"image\/jpeg"}],"twitter_card":"summary_large_image","schema":{"@context":"https:\/\/schema.org","@graph":[{"@type":"WebPage","@id":"https:\/\/www.dialogheilpraxis-kalin.de\/?page_id=78","url":"https:\/\/www.dialogheilpraxis-kalin.de\/?page_id=78","name":"Kann ich zu Ihnen in Therapie kommen, obwohl mein Hausarzt sagt, mir fehle nichts, ich solle mich nicht so anstellen? - Dialogheilpraxis Kalin","isPartOf":{"@id":"https:\/\/www.dialogheilpraxis-kalin.de\/#website"},"primaryImageOfPage":{"@id":"https:\/\/www.dialogheilpraxis-kalin.de\/?page_id=78#primaryimage"},"image":{"@id":"https:\/\/www.dialogheilpraxis-kalin.de\/?page_id=78#primaryimage"},"thumbnailUrl":"https:\/\/www.dialogheilpraxis-kalin.de\/wp-content\/uploads\/2022\/11\/Wolken-mit-Gruenzeug-1.jpg","datePublished":"2021-05-14T12:04:41+00:00","breadcrumb":{"@id":"https:\/\/www.dialogheilpraxis-kalin.de\/?page_id=78#breadcrumb"},"inLanguage":"de","potentialAction":[{"@type":"ReadAction","target":["https:\/\/www.dialogheilpraxis-kalin.de\/?page_id=78"]}]},{"@type":"ImageObject","inLanguage":"de","@id":"https:\/\/www.dialogheilpraxis-kalin.de\/?page_id=78#primaryimage","url":"https:\/\/www.dialogheilpraxis-kalin.de\/wp-content\/uploads\/2022\/11\/Wolken-mit-Gruenzeug-1.jpg","contentUrl":"https:\/\/www.dialogheilpraxis-kalin.de\/wp-content\/uploads\/2022\/11\/Wolken-mit-Gruenzeug-1.jpg","width":2560,"height":1714,"caption":"Wolken-mit-Gruenzeug"},{"@type":"BreadcrumbList","@id":"https:\/\/www.dialogheilpraxis-kalin.de\/?page_id=78#breadcrumb","itemListElement":[{"@type":"ListItem","position":1,"name":"Startseite","item":"https:\/\/www.dialogheilpraxis-kalin.de\/"},{"@type":"ListItem","position":2,"name":"Kann ich zu Ihnen in Therapie kommen, obwohl mein Hausarzt sagt, mir fehle nichts, ich solle mich nicht so anstellen?"}]},{"@type":"WebSite","@id":"https:\/\/www.dialogheilpraxis-kalin.de\/#website","url":"https:\/\/www.dialogheilpraxis-kalin.de\/","name":"Dialogheilpraxis Kalin","description":"Diplom P\u00e4dagoge Manfred Kalin","potentialAction":[{"@type":"SearchAction","target":{"@type":"EntryPoint","urlTemplate":"https:\/\/www.dialogheilpraxis-kalin.de\/?s={search_term_string}"},"query-input":{"@type":"PropertyValueSpecification","valueRequired":true,"valueName":"search_term_string"}}],"inLanguage":"de"}]}},"_links":{"self":[{"href":"https:\/\/www.dialogheilpraxis-kalin.de\/index.php?rest_route=\/wp\/v2\/pages\/78","targetHints":{"allow":["GET"]}}],"collection":[{"href":"https:\/\/www.dialogheilpraxis-kalin.de\/index.php?rest_route=\/wp\/v2\/pages"}],"about":[{"href":"https:\/\/www.dialogheilpraxis-kalin.de\/index.php?rest_route=\/wp\/v2\/types\/page"}],"author":[{"embeddable":true,"href":"https:\/\/www.dialogheilpraxis-kalin.de\/index.php?rest_route=\/wp\/v2\/users\/3"}],"replies":[{"embeddable":true,"href":"https:\/\/www.dialogheilpraxis-kalin.de\/index.php?rest_route=%2Fwp%2Fv2%2Fcomments&post=78"}],"version-history":[{"count":0,"href":"https:\/\/www.dialogheilpraxis-kalin.de\/index.php?rest_route=\/wp\/v2\/pages\/78\/revisions"}],"wp:featuredmedia":[{"embeddable":true,"href":"https:\/\/www.dialogheilpraxis-kalin.de\/index.php?rest_route=\/wp\/v2\/media\/546"}],"wp:attachment":[{"href":"https:\/\/www.dialogheilpraxis-kalin.de\/index.php?rest_route=%2Fwp%2Fv2%2Fmedia&parent=78"}],"curies":[{"name":"wp","href":"https:\/\/api.w.org\/{rel}","templated":true}]}}