{"id":76,"date":"2021-05-14T14:04:12","date_gmt":"2021-05-14T12:04:12","guid":{"rendered":"https:\/\/192.168.178.5:8081\/WordPress\/?page_id=76"},"modified":"2025-12-19T20:37:41","modified_gmt":"2025-12-19T19:37:41","slug":"7-bieten-sie-therapiezeit-fuer-berufstaetige-an","status":"publish","type":"page","link":"https:\/\/www.dialogheilpraxis-kalin.de\/?page_id=76","title":{"rendered":"Gibt es Therapiezeit f\u00fcr Berufst\u00e4tige?"},"content":{"rendered":"\n<p class=\"has-medium-font-size\">Ja, individuelle Absprachen sind m\u00f6glich.<\/p>\n\n\n\n<p class=\"has-medium-font-size\">An Wochenenden und Feiertagen biete ich in der Regel keine Termine an. <\/p>\n\n\n\n<p class=\"has-medium-font-size\">F\u00fcr Patienten, die von weither anreisen und \u00fcbernachten, k\u00f6nnen Ausnahmetermine am Wochenende vereinbart werden.<\/p>\n\n\n\n<p><\/p>\n","protected":false},"excerpt":{"rendered":"<p>Ja, individuelle Absprachen sind m\u00f6glich. An Wochenenden und Feiertagen biete ich in der Regel keine Termine an. F\u00fcr Patienten, die von weither anreisen und \u00fcbernachten, k\u00f6nnen Ausnahmetermine am Wochenende vereinbart werden.<\/p>\n","protected":false},"author":3,"featured_media":551,"parent":0,"menu_order":0,"comment_status":"closed","ping_status":"closed","template":"","meta":{"footnotes":""},"class_list":["post-76","page","type-page","status-publish","has-post-thumbnail","hentry"],"yoast_head":"<!-- This site is optimized with the Yoast SEO plugin v27.4 - https:\/\/yoast.com\/product\/yoast-seo-wordpress\/ -->\n<title>Gibt es Therapiezeit f\u00fcr Berufst\u00e4tige? - Dialogheilpraxis Kalin<\/title>\n<meta name=\"description\" content=\"F\u00fcr Beruft\u00e4tige biete ich nat\u00fcrlich angepasste Termine und Therapiezeiten an. Bei der Terminabsprache per Telefon k\u00f6nnen wir dies kl\u00e4ren.\" \/>\n<meta name=\"robots\" content=\"index, follow, max-snippet:-1, max-image-preview:large, max-video-preview:-1\" \/>\n<link rel=\"canonical\" href=\"https:\/\/www.dialogheilpraxis-kalin.de\/?page_id=76\" \/>\n<meta property=\"og:locale\" content=\"de_DE\" \/>\n<meta property=\"og:type\" content=\"article\" \/>\n<meta property=\"og:title\" content=\"Gibt es Therapiezeit f\u00fcr Berufst\u00e4tige? - Dialogheilpraxis Kalin\" \/>\n<meta property=\"og:description\" content=\"F\u00fcr Beruft\u00e4tige biete ich nat\u00fcrlich angepasste Termine und Therapiezeiten an. Bei der Terminabsprache per Telefon k\u00f6nnen wir dies kl\u00e4ren.\" \/>\n<meta property=\"og:url\" content=\"https:\/\/www.dialogheilpraxis-kalin.de\/?page_id=76\" \/>\n<meta property=\"og:site_name\" content=\"Dialogheilpraxis Kalin\" \/>\n<meta property=\"article:modified_time\" content=\"2025-12-19T19:37:41+00:00\" \/>\n<meta property=\"og:image\" content=\"https:\/\/www.dialogheilpraxis-kalin.de\/wp-content\/uploads\/2022\/11\/Buecher-und-Plueschis-1.jpg\" \/>\n\t<meta property=\"og:image:width\" content=\"2560\" \/>\n\t<meta property=\"og:image:height\" content=\"1920\" \/>\n\t<meta property=\"og:image:type\" content=\"image\/jpeg\" \/>\n<meta name=\"twitter:card\" content=\"summary_large_image\" \/>\n<meta name=\"twitter:label1\" content=\"Gesch\u00e4tzte Lesezeit\" \/>\n\t<meta name=\"twitter:data1\" content=\"1\u00a0Minute\" \/>\n<script type=\"application\/ld+json\" class=\"yoast-schema-graph\">{\"@context\":\"https:\\\/\\\/schema.org\",\"@graph\":[{\"@type\":\"WebPage\",\"@id\":\"https:\\\/\\\/www.dialogheilpraxis-kalin.de\\\/?page_id=76\",\"url\":\"https:\\\/\\\/www.dialogheilpraxis-kalin.de\\\/?page_id=76\",\"name\":\"Gibt es Therapiezeit f\u00fcr Berufst\u00e4tige? - Dialogheilpraxis Kalin\",\"isPartOf\":{\"@id\":\"https:\\\/\\\/www.dialogheilpraxis-kalin.de\\\/#website\"},\"primaryImageOfPage\":{\"@id\":\"https:\\\/\\\/www.dialogheilpraxis-kalin.de\\\/?page_id=76#primaryimage\"},\"image\":{\"@id\":\"https:\\\/\\\/www.dialogheilpraxis-kalin.de\\\/?page_id=76#primaryimage\"},\"thumbnailUrl\":\"https:\\\/\\\/www.dialogheilpraxis-kalin.de\\\/wp-content\\\/uploads\\\/2022\\\/11\\\/Buecher-und-Plueschis-1.jpg\",\"datePublished\":\"2021-05-14T12:04:12+00:00\",\"dateModified\":\"2025-12-19T19:37:41+00:00\",\"description\":\"F\u00fcr Beruft\u00e4tige biete ich nat\u00fcrlich angepasste Termine und Therapiezeiten an. Bei der Terminabsprache per Telefon k\u00f6nnen wir dies kl\u00e4ren.\",\"breadcrumb\":{\"@id\":\"https:\\\/\\\/www.dialogheilpraxis-kalin.de\\\/?page_id=76#breadcrumb\"},\"inLanguage\":\"de\",\"potentialAction\":[{\"@type\":\"ReadAction\",\"target\":[\"https:\\\/\\\/www.dialogheilpraxis-kalin.de\\\/?page_id=76\"]}]},{\"@type\":\"ImageObject\",\"inLanguage\":\"de\",\"@id\":\"https:\\\/\\\/www.dialogheilpraxis-kalin.de\\\/?page_id=76#primaryimage\",\"url\":\"https:\\\/\\\/www.dialogheilpraxis-kalin.de\\\/wp-content\\\/uploads\\\/2022\\\/11\\\/Buecher-und-Plueschis-1.jpg\",\"contentUrl\":\"https:\\\/\\\/www.dialogheilpraxis-kalin.de\\\/wp-content\\\/uploads\\\/2022\\\/11\\\/Buecher-und-Plueschis-1.jpg\",\"width\":2560,\"height\":1920,\"caption\":\"Buecher-und-Plueschis\"},{\"@type\":\"BreadcrumbList\",\"@id\":\"https:\\\/\\\/www.dialogheilpraxis-kalin.de\\\/?page_id=76#breadcrumb\",\"itemListElement\":[{\"@type\":\"ListItem\",\"position\":1,\"name\":\"Startseite\",\"item\":\"https:\\\/\\\/www.dialogheilpraxis-kalin.de\\\/\"},{\"@type\":\"ListItem\",\"position\":2,\"name\":\"Gibt es Therapiezeit f\u00fcr Berufst\u00e4tige?\"}]},{\"@type\":\"WebSite\",\"@id\":\"https:\\\/\\\/www.dialogheilpraxis-kalin.de\\\/#website\",\"url\":\"https:\\\/\\\/www.dialogheilpraxis-kalin.de\\\/\",\"name\":\"Dialogheilpraxis Kalin\",\"description\":\"Diplom P\u00e4dagoge Manfred Kalin\",\"potentialAction\":[{\"@type\":\"SearchAction\",\"target\":{\"@type\":\"EntryPoint\",\"urlTemplate\":\"https:\\\/\\\/www.dialogheilpraxis-kalin.de\\\/?s={search_term_string}\"},\"query-input\":{\"@type\":\"PropertyValueSpecification\",\"valueRequired\":true,\"valueName\":\"search_term_string\"}}],\"inLanguage\":\"de\"}]}<\/script>\n<!-- \/ Yoast SEO plugin. -->","yoast_head_json":{"title":"Gibt es Therapiezeit f\u00fcr Berufst\u00e4tige? - Dialogheilpraxis Kalin","description":"F\u00fcr Beruft\u00e4tige biete ich nat\u00fcrlich angepasste Termine und Therapiezeiten an. Bei der Terminabsprache per Telefon k\u00f6nnen wir dies kl\u00e4ren.","robots":{"index":"index","follow":"follow","max-snippet":"max-snippet:-1","max-image-preview":"max-image-preview:large","max-video-preview":"max-video-preview:-1"},"canonical":"https:\/\/www.dialogheilpraxis-kalin.de\/?page_id=76","og_locale":"de_DE","og_type":"article","og_title":"Gibt es Therapiezeit f\u00fcr Berufst\u00e4tige? - Dialogheilpraxis Kalin","og_description":"F\u00fcr Beruft\u00e4tige biete ich nat\u00fcrlich angepasste Termine und Therapiezeiten an. Bei der Terminabsprache per Telefon k\u00f6nnen wir dies kl\u00e4ren.","og_url":"https:\/\/www.dialogheilpraxis-kalin.de\/?page_id=76","og_site_name":"Dialogheilpraxis Kalin","article_modified_time":"2025-12-19T19:37:41+00:00","og_image":[{"width":2560,"height":1920,"url":"https:\/\/www.dialogheilpraxis-kalin.de\/wp-content\/uploads\/2022\/11\/Buecher-und-Plueschis-1.jpg","type":"image\/jpeg"}],"twitter_card":"summary_large_image","twitter_misc":{"Gesch\u00e4tzte Lesezeit":"1\u00a0Minute"},"schema":{"@context":"https:\/\/schema.org","@graph":[{"@type":"WebPage","@id":"https:\/\/www.dialogheilpraxis-kalin.de\/?page_id=76","url":"https:\/\/www.dialogheilpraxis-kalin.de\/?page_id=76","name":"Gibt es Therapiezeit f\u00fcr Berufst\u00e4tige? - Dialogheilpraxis Kalin","isPartOf":{"@id":"https:\/\/www.dialogheilpraxis-kalin.de\/#website"},"primaryImageOfPage":{"@id":"https:\/\/www.dialogheilpraxis-kalin.de\/?page_id=76#primaryimage"},"image":{"@id":"https:\/\/www.dialogheilpraxis-kalin.de\/?page_id=76#primaryimage"},"thumbnailUrl":"https:\/\/www.dialogheilpraxis-kalin.de\/wp-content\/uploads\/2022\/11\/Buecher-und-Plueschis-1.jpg","datePublished":"2021-05-14T12:04:12+00:00","dateModified":"2025-12-19T19:37:41+00:00","description":"F\u00fcr Beruft\u00e4tige biete ich nat\u00fcrlich angepasste Termine und Therapiezeiten an. Bei der Terminabsprache per Telefon k\u00f6nnen wir dies kl\u00e4ren.","breadcrumb":{"@id":"https:\/\/www.dialogheilpraxis-kalin.de\/?page_id=76#breadcrumb"},"inLanguage":"de","potentialAction":[{"@type":"ReadAction","target":["https:\/\/www.dialogheilpraxis-kalin.de\/?page_id=76"]}]},{"@type":"ImageObject","inLanguage":"de","@id":"https:\/\/www.dialogheilpraxis-kalin.de\/?page_id=76#primaryimage","url":"https:\/\/www.dialogheilpraxis-kalin.de\/wp-content\/uploads\/2022\/11\/Buecher-und-Plueschis-1.jpg","contentUrl":"https:\/\/www.dialogheilpraxis-kalin.de\/wp-content\/uploads\/2022\/11\/Buecher-und-Plueschis-1.jpg","width":2560,"height":1920,"caption":"Buecher-und-Plueschis"},{"@type":"BreadcrumbList","@id":"https:\/\/www.dialogheilpraxis-kalin.de\/?page_id=76#breadcrumb","itemListElement":[{"@type":"ListItem","position":1,"name":"Startseite","item":"https:\/\/www.dialogheilpraxis-kalin.de\/"},{"@type":"ListItem","position":2,"name":"Gibt es Therapiezeit f\u00fcr Berufst\u00e4tige?"}]},{"@type":"WebSite","@id":"https:\/\/www.dialogheilpraxis-kalin.de\/#website","url":"https:\/\/www.dialogheilpraxis-kalin.de\/","name":"Dialogheilpraxis Kalin","description":"Diplom P\u00e4dagoge Manfred Kalin","potentialAction":[{"@type":"SearchAction","target":{"@type":"EntryPoint","urlTemplate":"https:\/\/www.dialogheilpraxis-kalin.de\/?s={search_term_string}"},"query-input":{"@type":"PropertyValueSpecification","valueRequired":true,"valueName":"search_term_string"}}],"inLanguage":"de"}]}},"_links":{"self":[{"href":"https:\/\/www.dialogheilpraxis-kalin.de\/index.php?rest_route=\/wp\/v2\/pages\/76","targetHints":{"allow":["GET"]}}],"collection":[{"href":"https:\/\/www.dialogheilpraxis-kalin.de\/index.php?rest_route=\/wp\/v2\/pages"}],"about":[{"href":"https:\/\/www.dialogheilpraxis-kalin.de\/index.php?rest_route=\/wp\/v2\/types\/page"}],"author":[{"embeddable":true,"href":"https:\/\/www.dialogheilpraxis-kalin.de\/index.php?rest_route=\/wp\/v2\/users\/3"}],"replies":[{"embeddable":true,"href":"https:\/\/www.dialogheilpraxis-kalin.de\/index.php?rest_route=%2Fwp%2Fv2%2Fcomments&post=76"}],"version-history":[{"count":1,"href":"https:\/\/www.dialogheilpraxis-kalin.de\/index.php?rest_route=\/wp\/v2\/pages\/76\/revisions"}],"predecessor-version":[{"id":751,"href":"https:\/\/www.dialogheilpraxis-kalin.de\/index.php?rest_route=\/wp\/v2\/pages\/76\/revisions\/751"}],"wp:featuredmedia":[{"embeddable":true,"href":"https:\/\/www.dialogheilpraxis-kalin.de\/index.php?rest_route=\/wp\/v2\/media\/551"}],"wp:attachment":[{"href":"https:\/\/www.dialogheilpraxis-kalin.de\/index.php?rest_route=%2Fwp%2Fv2%2Fmedia&parent=76"}],"curies":[{"name":"wp","href":"https:\/\/api.w.org\/{rel}","templated":true}]}}