{"id":70,"date":"2021-05-14T14:02:10","date_gmt":"2021-05-14T12:02:10","guid":{"rendered":"https:\/\/192.168.178.5:8081\/WordPress\/?page_id=70"},"modified":"2021-05-14T14:02:10","modified_gmt":"2021-05-14T12:02:10","slug":"4-kann-ich-in-die-praxis-zurueckkommen-wenn-ich-erneut-eine-therapie-wuensche","status":"publish","type":"page","link":"https:\/\/www.dialogheilpraxis-kalin.de\/?page_id=70","title":{"rendered":"Kann ich in die Praxis zur\u00fcckkommen, wenn ich erneut eine Therapie w\u00fcnsche?"},"content":{"rendered":"\n<p class=\"has-medium-font-size\">Ja, nat\u00fcrlich. Der Wunsch nach einer R\u00fcckkehr zur therapeutischen Besprechung zeugt von Ihrer erworbenen F\u00e4higkeit der Nachreifung.  Ihre eigenst\u00e4ndige Wahl des Zeitpunktes ist ein wesentlicher Aspekt Ihres Selbstheilungswillens.<\/p>\n","protected":false},"excerpt":{"rendered":"<p>Ja, nat\u00fcrlich. Der Wunsch nach einer R\u00fcckkehr zur therapeutischen Besprechung zeugt von Ihrer erworbenen F\u00e4higkeit der Nachreifung. Ihre eigenst\u00e4ndige Wahl des Zeitpunktes ist ein wesentlicher Aspekt Ihres Selbstheilungswillens.<\/p>\n","protected":false},"author":3,"featured_media":554,"parent":0,"menu_order":0,"comment_status":"closed","ping_status":"closed","template":"","meta":{"footnotes":""},"class_list":["post-70","page","type-page","status-publish","has-post-thumbnail","hentry"],"yoast_head":"<!-- This site is optimized with the Yoast SEO plugin v27.4 - https:\/\/yoast.com\/product\/yoast-seo-wordpress\/ -->\n<title>Kann ich in die Praxis zur\u00fcckkommen, wenn ich erneut eine Therapie w\u00fcnsche? - Dialogheilpraxis Kalin<\/title>\n<meta name=\"robots\" content=\"index, follow, max-snippet:-1, max-image-preview:large, max-video-preview:-1\" \/>\n<link rel=\"canonical\" href=\"https:\/\/www.dialogheilpraxis-kalin.de\/?page_id=70\" \/>\n<meta property=\"og:locale\" content=\"de_DE\" \/>\n<meta property=\"og:type\" content=\"article\" \/>\n<meta property=\"og:title\" content=\"Kann ich in die Praxis zur\u00fcckkommen, wenn ich erneut eine Therapie w\u00fcnsche? - Dialogheilpraxis Kalin\" \/>\n<meta property=\"og:description\" content=\"Ja, nat\u00fcrlich. Der Wunsch nach einer R\u00fcckkehr zur therapeutischen Besprechung zeugt von Ihrer erworbenen F\u00e4higkeit der Nachreifung. Ihre eigenst\u00e4ndige Wahl des Zeitpunktes ist ein wesentlicher Aspekt Ihres Selbstheilungswillens.\" \/>\n<meta property=\"og:url\" content=\"https:\/\/www.dialogheilpraxis-kalin.de\/?page_id=70\" \/>\n<meta property=\"og:site_name\" content=\"Dialogheilpraxis Kalin\" \/>\n<meta property=\"og:image\" content=\"https:\/\/www.dialogheilpraxis-kalin.de\/wp-content\/uploads\/2022\/11\/Hoehle-1.jpg\" \/>\n\t<meta property=\"og:image:width\" content=\"2560\" \/>\n\t<meta property=\"og:image:height\" content=\"1920\" \/>\n\t<meta property=\"og:image:type\" content=\"image\/jpeg\" \/>\n<meta name=\"twitter:card\" content=\"summary_large_image\" \/>\n<script type=\"application\/ld+json\" class=\"yoast-schema-graph\">{\"@context\":\"https:\\\/\\\/schema.org\",\"@graph\":[{\"@type\":\"WebPage\",\"@id\":\"https:\\\/\\\/www.dialogheilpraxis-kalin.de\\\/?page_id=70\",\"url\":\"https:\\\/\\\/www.dialogheilpraxis-kalin.de\\\/?page_id=70\",\"name\":\"Kann ich in die Praxis zur\u00fcckkommen, wenn ich erneut eine Therapie w\u00fcnsche? - Dialogheilpraxis Kalin\",\"isPartOf\":{\"@id\":\"https:\\\/\\\/www.dialogheilpraxis-kalin.de\\\/#website\"},\"primaryImageOfPage\":{\"@id\":\"https:\\\/\\\/www.dialogheilpraxis-kalin.de\\\/?page_id=70#primaryimage\"},\"image\":{\"@id\":\"https:\\\/\\\/www.dialogheilpraxis-kalin.de\\\/?page_id=70#primaryimage\"},\"thumbnailUrl\":\"https:\\\/\\\/www.dialogheilpraxis-kalin.de\\\/wp-content\\\/uploads\\\/2022\\\/11\\\/Hoehle-1.jpg\",\"datePublished\":\"2021-05-14T12:02:10+00:00\",\"breadcrumb\":{\"@id\":\"https:\\\/\\\/www.dialogheilpraxis-kalin.de\\\/?page_id=70#breadcrumb\"},\"inLanguage\":\"de\",\"potentialAction\":[{\"@type\":\"ReadAction\",\"target\":[\"https:\\\/\\\/www.dialogheilpraxis-kalin.de\\\/?page_id=70\"]}]},{\"@type\":\"ImageObject\",\"inLanguage\":\"de\",\"@id\":\"https:\\\/\\\/www.dialogheilpraxis-kalin.de\\\/?page_id=70#primaryimage\",\"url\":\"https:\\\/\\\/www.dialogheilpraxis-kalin.de\\\/wp-content\\\/uploads\\\/2022\\\/11\\\/Hoehle-1.jpg\",\"contentUrl\":\"https:\\\/\\\/www.dialogheilpraxis-kalin.de\\\/wp-content\\\/uploads\\\/2022\\\/11\\\/Hoehle-1.jpg\",\"width\":2560,\"height\":1920,\"caption\":\"Hoehle\"},{\"@type\":\"BreadcrumbList\",\"@id\":\"https:\\\/\\\/www.dialogheilpraxis-kalin.de\\\/?page_id=70#breadcrumb\",\"itemListElement\":[{\"@type\":\"ListItem\",\"position\":1,\"name\":\"Startseite\",\"item\":\"https:\\\/\\\/www.dialogheilpraxis-kalin.de\\\/\"},{\"@type\":\"ListItem\",\"position\":2,\"name\":\"Kann ich in die Praxis zur\u00fcckkommen, wenn ich erneut eine Therapie w\u00fcnsche?\"}]},{\"@type\":\"WebSite\",\"@id\":\"https:\\\/\\\/www.dialogheilpraxis-kalin.de\\\/#website\",\"url\":\"https:\\\/\\\/www.dialogheilpraxis-kalin.de\\\/\",\"name\":\"Dialogheilpraxis Kalin\",\"description\":\"Diplom P\u00e4dagoge Manfred Kalin\",\"potentialAction\":[{\"@type\":\"SearchAction\",\"target\":{\"@type\":\"EntryPoint\",\"urlTemplate\":\"https:\\\/\\\/www.dialogheilpraxis-kalin.de\\\/?s={search_term_string}\"},\"query-input\":{\"@type\":\"PropertyValueSpecification\",\"valueRequired\":true,\"valueName\":\"search_term_string\"}}],\"inLanguage\":\"de\"}]}<\/script>\n<!-- \/ Yoast SEO plugin. -->","yoast_head_json":{"title":"Kann ich in die Praxis zur\u00fcckkommen, wenn ich erneut eine Therapie w\u00fcnsche? - Dialogheilpraxis Kalin","robots":{"index":"index","follow":"follow","max-snippet":"max-snippet:-1","max-image-preview":"max-image-preview:large","max-video-preview":"max-video-preview:-1"},"canonical":"https:\/\/www.dialogheilpraxis-kalin.de\/?page_id=70","og_locale":"de_DE","og_type":"article","og_title":"Kann ich in die Praxis zur\u00fcckkommen, wenn ich erneut eine Therapie w\u00fcnsche? - Dialogheilpraxis Kalin","og_description":"Ja, nat\u00fcrlich. Der Wunsch nach einer R\u00fcckkehr zur therapeutischen Besprechung zeugt von Ihrer erworbenen F\u00e4higkeit der Nachreifung. Ihre eigenst\u00e4ndige Wahl des Zeitpunktes ist ein wesentlicher Aspekt Ihres Selbstheilungswillens.","og_url":"https:\/\/www.dialogheilpraxis-kalin.de\/?page_id=70","og_site_name":"Dialogheilpraxis Kalin","og_image":[{"width":2560,"height":1920,"url":"https:\/\/www.dialogheilpraxis-kalin.de\/wp-content\/uploads\/2022\/11\/Hoehle-1.jpg","type":"image\/jpeg"}],"twitter_card":"summary_large_image","schema":{"@context":"https:\/\/schema.org","@graph":[{"@type":"WebPage","@id":"https:\/\/www.dialogheilpraxis-kalin.de\/?page_id=70","url":"https:\/\/www.dialogheilpraxis-kalin.de\/?page_id=70","name":"Kann ich in die Praxis zur\u00fcckkommen, wenn ich erneut eine Therapie w\u00fcnsche? - Dialogheilpraxis Kalin","isPartOf":{"@id":"https:\/\/www.dialogheilpraxis-kalin.de\/#website"},"primaryImageOfPage":{"@id":"https:\/\/www.dialogheilpraxis-kalin.de\/?page_id=70#primaryimage"},"image":{"@id":"https:\/\/www.dialogheilpraxis-kalin.de\/?page_id=70#primaryimage"},"thumbnailUrl":"https:\/\/www.dialogheilpraxis-kalin.de\/wp-content\/uploads\/2022\/11\/Hoehle-1.jpg","datePublished":"2021-05-14T12:02:10+00:00","breadcrumb":{"@id":"https:\/\/www.dialogheilpraxis-kalin.de\/?page_id=70#breadcrumb"},"inLanguage":"de","potentialAction":[{"@type":"ReadAction","target":["https:\/\/www.dialogheilpraxis-kalin.de\/?page_id=70"]}]},{"@type":"ImageObject","inLanguage":"de","@id":"https:\/\/www.dialogheilpraxis-kalin.de\/?page_id=70#primaryimage","url":"https:\/\/www.dialogheilpraxis-kalin.de\/wp-content\/uploads\/2022\/11\/Hoehle-1.jpg","contentUrl":"https:\/\/www.dialogheilpraxis-kalin.de\/wp-content\/uploads\/2022\/11\/Hoehle-1.jpg","width":2560,"height":1920,"caption":"Hoehle"},{"@type":"BreadcrumbList","@id":"https:\/\/www.dialogheilpraxis-kalin.de\/?page_id=70#breadcrumb","itemListElement":[{"@type":"ListItem","position":1,"name":"Startseite","item":"https:\/\/www.dialogheilpraxis-kalin.de\/"},{"@type":"ListItem","position":2,"name":"Kann ich in die Praxis zur\u00fcckkommen, wenn ich erneut eine Therapie w\u00fcnsche?"}]},{"@type":"WebSite","@id":"https:\/\/www.dialogheilpraxis-kalin.de\/#website","url":"https:\/\/www.dialogheilpraxis-kalin.de\/","name":"Dialogheilpraxis Kalin","description":"Diplom P\u00e4dagoge Manfred Kalin","potentialAction":[{"@type":"SearchAction","target":{"@type":"EntryPoint","urlTemplate":"https:\/\/www.dialogheilpraxis-kalin.de\/?s={search_term_string}"},"query-input":{"@type":"PropertyValueSpecification","valueRequired":true,"valueName":"search_term_string"}}],"inLanguage":"de"}]}},"_links":{"self":[{"href":"https:\/\/www.dialogheilpraxis-kalin.de\/index.php?rest_route=\/wp\/v2\/pages\/70","targetHints":{"allow":["GET"]}}],"collection":[{"href":"https:\/\/www.dialogheilpraxis-kalin.de\/index.php?rest_route=\/wp\/v2\/pages"}],"about":[{"href":"https:\/\/www.dialogheilpraxis-kalin.de\/index.php?rest_route=\/wp\/v2\/types\/page"}],"author":[{"embeddable":true,"href":"https:\/\/www.dialogheilpraxis-kalin.de\/index.php?rest_route=\/wp\/v2\/users\/3"}],"replies":[{"embeddable":true,"href":"https:\/\/www.dialogheilpraxis-kalin.de\/index.php?rest_route=%2Fwp%2Fv2%2Fcomments&post=70"}],"version-history":[{"count":0,"href":"https:\/\/www.dialogheilpraxis-kalin.de\/index.php?rest_route=\/wp\/v2\/pages\/70\/revisions"}],"wp:featuredmedia":[{"embeddable":true,"href":"https:\/\/www.dialogheilpraxis-kalin.de\/index.php?rest_route=\/wp\/v2\/media\/554"}],"wp:attachment":[{"href":"https:\/\/www.dialogheilpraxis-kalin.de\/index.php?rest_route=%2Fwp%2Fv2%2Fmedia&parent=70"}],"curies":[{"name":"wp","href":"https:\/\/api.w.org\/{rel}","templated":true}]}}