{"id":66,"date":"2021-05-14T14:00:49","date_gmt":"2021-05-14T12:00:49","guid":{"rendered":"https:\/\/192.168.178.5:8081\/WordPress\/?page_id=66"},"modified":"2021-05-14T14:00:49","modified_gmt":"2021-05-14T12:00:49","slug":"2-worauf-lasse-ich-mich-bei-der-dialogheilpraxis-kalin-vertraglich-ein","status":"publish","type":"page","link":"https:\/\/www.dialogheilpraxis-kalin.de\/?page_id=66","title":{"rendered":"Worauf lasse ich mich vertraglich ein?"},"content":{"rendered":"\n<p class=\"has-medium-font-size\">Wir schlie\u00dfen nach den \u00a7\u00a7 611 BGB einen Behandlungsvertrag. Das ist ein Dienstleistungsvertrag, der mich vertraglich verpflichtet, mit Ihnen daran zu arbeiten, Ihre seelischen Probleme durchzuarbeiten und zu lindern. <\/p>\n\n\n\n<p class=\"has-medium-font-size\">F\u00fcr die T\u00e4tigkeit als psychotherapeutischer Heilkpraktiker habe ich die Berufszulassung als Heilpraktiker f\u00fcr Psychotherapie erworben. Die f\u00fcr Sie passende Therapieform als auch die Therapiedauer k\u00f6nnen wir frei vereinbaren.<\/p>\n\n\n\n<p class=\"has-medium-font-size\">Ich bin nach den Regeln des Berufsverbandes und allgemeinen rechtlichen Vorschriften verpflichtet, Sie bei Selbst- oder Fremdgef\u00e4hrdung auf die dann n\u00f6tige Vorstellung bei einem Arzt hinzuweisen.<\/p>\n\n\n\n<p><\/p>\n","protected":false},"excerpt":{"rendered":"<p>Wir schlie\u00dfen nach den \u00a7\u00a7 611 BGB einen Behandlungsvertrag. Das ist ein Dienstleistungsvertrag, der mich vertraglich verpflichtet, mit Ihnen daran zu arbeiten, Ihre seelischen Probleme durchzuarbeiten und zu lindern. F\u00fcr die T\u00e4tigkeit als psychotherapeutischer Heilkpraktiker habe ich die Berufszulassung als Heilpraktiker f\u00fcr Psychotherapie erworben. Die f\u00fcr Sie passende Therapieform als auch die Therapiedauer k\u00f6nnen wir &hellip; <\/p>\n<p class=\"link-more\"><a href=\"https:\/\/www.dialogheilpraxis-kalin.de\/?page_id=66\" class=\"more-link\"><span class=\"screen-reader-text\">\u201eWorauf lasse ich mich vertraglich ein?\u201c <\/span>weiterlesen<\/a><\/p>\n","protected":false},"author":3,"featured_media":544,"parent":0,"menu_order":0,"comment_status":"closed","ping_status":"closed","template":"","meta":{"footnotes":""},"class_list":["post-66","page","type-page","status-publish","has-post-thumbnail","hentry"],"yoast_head":"<!-- This site is optimized with the Yoast SEO plugin v27.4 - https:\/\/yoast.com\/product\/yoast-seo-wordpress\/ -->\n<title>Worauf lasse ich mich vertraglich ein? - Dialogheilpraxis Kalin<\/title>\n<meta name=\"robots\" content=\"index, follow, max-snippet:-1, max-image-preview:large, max-video-preview:-1\" \/>\n<link rel=\"canonical\" href=\"https:\/\/www.dialogheilpraxis-kalin.de\/?page_id=66\" \/>\n<meta property=\"og:locale\" content=\"de_DE\" \/>\n<meta property=\"og:type\" content=\"article\" \/>\n<meta property=\"og:title\" content=\"Worauf lasse ich mich vertraglich ein? - Dialogheilpraxis Kalin\" \/>\n<meta property=\"og:description\" content=\"Wir schlie\u00dfen nach den \u00a7\u00a7 611 BGB einen Behandlungsvertrag. Das ist ein Dienstleistungsvertrag, der mich vertraglich verpflichtet, mit Ihnen daran zu arbeiten, Ihre seelischen Probleme durchzuarbeiten und zu lindern. F\u00fcr die T\u00e4tigkeit als psychotherapeutischer Heilkpraktiker habe ich die Berufszulassung als Heilpraktiker f\u00fcr Psychotherapie erworben. Die f\u00fcr Sie passende Therapieform als auch die Therapiedauer k\u00f6nnen wir &hellip; \u201eWorauf lasse ich mich vertraglich ein?\u201c weiterlesen\" \/>\n<meta property=\"og:url\" content=\"https:\/\/www.dialogheilpraxis-kalin.de\/?page_id=66\" \/>\n<meta property=\"og:site_name\" content=\"Dialogheilpraxis Kalin\" \/>\n<meta property=\"og:image\" content=\"https:\/\/www.dialogheilpraxis-kalin.de\/wp-content\/uploads\/2022\/11\/Stofflagen-1.jpg\" \/>\n\t<meta property=\"og:image:width\" content=\"2560\" \/>\n\t<meta property=\"og:image:height\" content=\"1920\" \/>\n\t<meta property=\"og:image:type\" content=\"image\/jpeg\" \/>\n<meta name=\"twitter:card\" content=\"summary_large_image\" \/>\n<script type=\"application\/ld+json\" class=\"yoast-schema-graph\">{\"@context\":\"https:\\\/\\\/schema.org\",\"@graph\":[{\"@type\":\"WebPage\",\"@id\":\"https:\\\/\\\/www.dialogheilpraxis-kalin.de\\\/?page_id=66\",\"url\":\"https:\\\/\\\/www.dialogheilpraxis-kalin.de\\\/?page_id=66\",\"name\":\"Worauf lasse ich mich vertraglich ein? - Dialogheilpraxis Kalin\",\"isPartOf\":{\"@id\":\"https:\\\/\\\/www.dialogheilpraxis-kalin.de\\\/#website\"},\"primaryImageOfPage\":{\"@id\":\"https:\\\/\\\/www.dialogheilpraxis-kalin.de\\\/?page_id=66#primaryimage\"},\"image\":{\"@id\":\"https:\\\/\\\/www.dialogheilpraxis-kalin.de\\\/?page_id=66#primaryimage\"},\"thumbnailUrl\":\"https:\\\/\\\/www.dialogheilpraxis-kalin.de\\\/wp-content\\\/uploads\\\/2022\\\/11\\\/Stofflagen-1.jpg\",\"datePublished\":\"2021-05-14T12:00:49+00:00\",\"breadcrumb\":{\"@id\":\"https:\\\/\\\/www.dialogheilpraxis-kalin.de\\\/?page_id=66#breadcrumb\"},\"inLanguage\":\"de\",\"potentialAction\":[{\"@type\":\"ReadAction\",\"target\":[\"https:\\\/\\\/www.dialogheilpraxis-kalin.de\\\/?page_id=66\"]}]},{\"@type\":\"ImageObject\",\"inLanguage\":\"de\",\"@id\":\"https:\\\/\\\/www.dialogheilpraxis-kalin.de\\\/?page_id=66#primaryimage\",\"url\":\"https:\\\/\\\/www.dialogheilpraxis-kalin.de\\\/wp-content\\\/uploads\\\/2022\\\/11\\\/Stofflagen-1.jpg\",\"contentUrl\":\"https:\\\/\\\/www.dialogheilpraxis-kalin.de\\\/wp-content\\\/uploads\\\/2022\\\/11\\\/Stofflagen-1.jpg\",\"width\":2560,\"height\":1920,\"caption\":\"Stofflagen\"},{\"@type\":\"BreadcrumbList\",\"@id\":\"https:\\\/\\\/www.dialogheilpraxis-kalin.de\\\/?page_id=66#breadcrumb\",\"itemListElement\":[{\"@type\":\"ListItem\",\"position\":1,\"name\":\"Startseite\",\"item\":\"https:\\\/\\\/www.dialogheilpraxis-kalin.de\\\/\"},{\"@type\":\"ListItem\",\"position\":2,\"name\":\"Worauf lasse ich mich vertraglich ein?\"}]},{\"@type\":\"WebSite\",\"@id\":\"https:\\\/\\\/www.dialogheilpraxis-kalin.de\\\/#website\",\"url\":\"https:\\\/\\\/www.dialogheilpraxis-kalin.de\\\/\",\"name\":\"Dialogheilpraxis Kalin\",\"description\":\"Diplom P\u00e4dagoge Manfred Kalin\",\"potentialAction\":[{\"@type\":\"SearchAction\",\"target\":{\"@type\":\"EntryPoint\",\"urlTemplate\":\"https:\\\/\\\/www.dialogheilpraxis-kalin.de\\\/?s={search_term_string}\"},\"query-input\":{\"@type\":\"PropertyValueSpecification\",\"valueRequired\":true,\"valueName\":\"search_term_string\"}}],\"inLanguage\":\"de\"}]}<\/script>\n<!-- \/ Yoast SEO plugin. -->","yoast_head_json":{"title":"Worauf lasse ich mich vertraglich ein? - Dialogheilpraxis Kalin","robots":{"index":"index","follow":"follow","max-snippet":"max-snippet:-1","max-image-preview":"max-image-preview:large","max-video-preview":"max-video-preview:-1"},"canonical":"https:\/\/www.dialogheilpraxis-kalin.de\/?page_id=66","og_locale":"de_DE","og_type":"article","og_title":"Worauf lasse ich mich vertraglich ein? - Dialogheilpraxis Kalin","og_description":"Wir schlie\u00dfen nach den \u00a7\u00a7 611 BGB einen Behandlungsvertrag. Das ist ein Dienstleistungsvertrag, der mich vertraglich verpflichtet, mit Ihnen daran zu arbeiten, Ihre seelischen Probleme durchzuarbeiten und zu lindern. F\u00fcr die T\u00e4tigkeit als psychotherapeutischer Heilkpraktiker habe ich die Berufszulassung als Heilpraktiker f\u00fcr Psychotherapie erworben. Die f\u00fcr Sie passende Therapieform als auch die Therapiedauer k\u00f6nnen wir &hellip; \u201eWorauf lasse ich mich vertraglich ein?\u201c weiterlesen","og_url":"https:\/\/www.dialogheilpraxis-kalin.de\/?page_id=66","og_site_name":"Dialogheilpraxis Kalin","og_image":[{"width":2560,"height":1920,"url":"https:\/\/www.dialogheilpraxis-kalin.de\/wp-content\/uploads\/2022\/11\/Stofflagen-1.jpg","type":"image\/jpeg"}],"twitter_card":"summary_large_image","schema":{"@context":"https:\/\/schema.org","@graph":[{"@type":"WebPage","@id":"https:\/\/www.dialogheilpraxis-kalin.de\/?page_id=66","url":"https:\/\/www.dialogheilpraxis-kalin.de\/?page_id=66","name":"Worauf lasse ich mich vertraglich ein? - Dialogheilpraxis Kalin","isPartOf":{"@id":"https:\/\/www.dialogheilpraxis-kalin.de\/#website"},"primaryImageOfPage":{"@id":"https:\/\/www.dialogheilpraxis-kalin.de\/?page_id=66#primaryimage"},"image":{"@id":"https:\/\/www.dialogheilpraxis-kalin.de\/?page_id=66#primaryimage"},"thumbnailUrl":"https:\/\/www.dialogheilpraxis-kalin.de\/wp-content\/uploads\/2022\/11\/Stofflagen-1.jpg","datePublished":"2021-05-14T12:00:49+00:00","breadcrumb":{"@id":"https:\/\/www.dialogheilpraxis-kalin.de\/?page_id=66#breadcrumb"},"inLanguage":"de","potentialAction":[{"@type":"ReadAction","target":["https:\/\/www.dialogheilpraxis-kalin.de\/?page_id=66"]}]},{"@type":"ImageObject","inLanguage":"de","@id":"https:\/\/www.dialogheilpraxis-kalin.de\/?page_id=66#primaryimage","url":"https:\/\/www.dialogheilpraxis-kalin.de\/wp-content\/uploads\/2022\/11\/Stofflagen-1.jpg","contentUrl":"https:\/\/www.dialogheilpraxis-kalin.de\/wp-content\/uploads\/2022\/11\/Stofflagen-1.jpg","width":2560,"height":1920,"caption":"Stofflagen"},{"@type":"BreadcrumbList","@id":"https:\/\/www.dialogheilpraxis-kalin.de\/?page_id=66#breadcrumb","itemListElement":[{"@type":"ListItem","position":1,"name":"Startseite","item":"https:\/\/www.dialogheilpraxis-kalin.de\/"},{"@type":"ListItem","position":2,"name":"Worauf lasse ich mich vertraglich ein?"}]},{"@type":"WebSite","@id":"https:\/\/www.dialogheilpraxis-kalin.de\/#website","url":"https:\/\/www.dialogheilpraxis-kalin.de\/","name":"Dialogheilpraxis Kalin","description":"Diplom P\u00e4dagoge Manfred Kalin","potentialAction":[{"@type":"SearchAction","target":{"@type":"EntryPoint","urlTemplate":"https:\/\/www.dialogheilpraxis-kalin.de\/?s={search_term_string}"},"query-input":{"@type":"PropertyValueSpecification","valueRequired":true,"valueName":"search_term_string"}}],"inLanguage":"de"}]}},"_links":{"self":[{"href":"https:\/\/www.dialogheilpraxis-kalin.de\/index.php?rest_route=\/wp\/v2\/pages\/66","targetHints":{"allow":["GET"]}}],"collection":[{"href":"https:\/\/www.dialogheilpraxis-kalin.de\/index.php?rest_route=\/wp\/v2\/pages"}],"about":[{"href":"https:\/\/www.dialogheilpraxis-kalin.de\/index.php?rest_route=\/wp\/v2\/types\/page"}],"author":[{"embeddable":true,"href":"https:\/\/www.dialogheilpraxis-kalin.de\/index.php?rest_route=\/wp\/v2\/users\/3"}],"replies":[{"embeddable":true,"href":"https:\/\/www.dialogheilpraxis-kalin.de\/index.php?rest_route=%2Fwp%2Fv2%2Fcomments&post=66"}],"version-history":[{"count":0,"href":"https:\/\/www.dialogheilpraxis-kalin.de\/index.php?rest_route=\/wp\/v2\/pages\/66\/revisions"}],"wp:featuredmedia":[{"embeddable":true,"href":"https:\/\/www.dialogheilpraxis-kalin.de\/index.php?rest_route=\/wp\/v2\/media\/544"}],"wp:attachment":[{"href":"https:\/\/www.dialogheilpraxis-kalin.de\/index.php?rest_route=%2Fwp%2Fv2%2Fmedia&parent=66"}],"curies":[{"name":"wp","href":"https:\/\/api.w.org\/{rel}","templated":true}]}}