{"id":64,"date":"2021-05-14T13:59:38","date_gmt":"2021-05-14T11:59:38","guid":{"rendered":"https:\/\/192.168.178.5:8081\/WordPress\/?page_id=64"},"modified":"2024-11-22T13:23:04","modified_gmt":"2024-11-22T12:23:04","slug":"1-warum-bezahlt-die-krankenkasse-eine-therapie-in-ihrer-dialogheilpraxis-fuer-mich-nicht","status":"publish","type":"page","link":"https:\/\/www.dialogheilpraxis-kalin.de\/?page_id=64","title":{"rendered":"Warum muss ich selbst bezahlen?"},"content":{"rendered":"\n<p class=\"has-medium-font-size\">Heilpraktikerleistungen werden in Deutschland von den Krankenkassen nicht bezahlt. Das gilt auch f\u00fcr psychotherapeutische Leistungen. Wenn Sie privat versichert sind, leiten Sie das Kostenerstattungsverfahren selbst\u00e4ndig ein.<\/p>\n\n\n\n<p class=\"has-medium-font-size\">So bin ich frei von der Unterst\u00fctzung durch die Kassen &#8211; aber ich bin auch frei, meine Methoden individuell sinnvoll zu gestalten. <\/p>\n\n\n\n<p class=\"has-medium-font-size\">Die Psychotherapie als Kassenleistung schreibt dem Kassentherapeuten das Therapieverfahren, die Therapiedauer und die Therapiew\u00fcrdigkeit vor. Die Daten zur Behandlung werden bei der Krankenkasse gespeichert.<\/p>\n\n\n\n<p><\/p>\n","protected":false},"excerpt":{"rendered":"<p>Heilpraktikerleistungen werden in Deutschland von den Krankenkassen nicht bezahlt. Das gilt auch f\u00fcr psychotherapeutische Leistungen. Wenn Sie privat versichert sind, leiten Sie das Kostenerstattungsverfahren selbst\u00e4ndig ein. So bin ich frei von der Unterst\u00fctzung durch die Kassen &#8211; aber ich bin auch frei, meine Methoden individuell sinnvoll zu gestalten. Die Psychotherapie als Kassenleistung schreibt dem Kassentherapeuten &hellip; <\/p>\n<p class=\"link-more\"><a href=\"https:\/\/www.dialogheilpraxis-kalin.de\/?page_id=64\" class=\"more-link\"><span class=\"screen-reader-text\">\u201eWarum muss ich selbst bezahlen?\u201c <\/span>weiterlesen<\/a><\/p>\n","protected":false},"author":3,"featured_media":558,"parent":0,"menu_order":0,"comment_status":"closed","ping_status":"closed","template":"","meta":{"footnotes":""},"class_list":["post-64","page","type-page","status-publish","has-post-thumbnail","hentry"],"yoast_head":"<!-- This site is optimized with the Yoast SEO plugin v27.4 - https:\/\/yoast.com\/product\/yoast-seo-wordpress\/ -->\n<title>Warum muss ich selbst bezahlen? - Dialogheilpraxis Kalin<\/title>\n<meta name=\"description\" content=\"Heilpraktikerleistungen sind in Deutschland keine Kassenleistung. Das gilt auch f\u00fcr psychotherapeutische Leistungen.\" \/>\n<meta name=\"robots\" content=\"noindex, nofollow\" \/>\n<meta property=\"og:locale\" content=\"de_DE\" \/>\n<meta property=\"og:type\" content=\"article\" \/>\n<meta property=\"og:title\" content=\"Warum muss ich selbst bezahlen? - Dialogheilpraxis Kalin\" \/>\n<meta property=\"og:description\" content=\"Heilpraktikerleistungen sind in Deutschland keine Kassenleistung. Das gilt auch f\u00fcr psychotherapeutische Leistungen.\" \/>\n<meta property=\"og:url\" content=\"https:\/\/www.dialogheilpraxis-kalin.de\/?page_id=64\" \/>\n<meta property=\"og:site_name\" content=\"Dialogheilpraxis Kalin\" \/>\n<meta property=\"article:modified_time\" content=\"2024-11-22T12:23:04+00:00\" \/>\n<meta property=\"og:image\" content=\"https:\/\/www.dialogheilpraxis-kalin.de\/wp-content\/uploads\/2022\/11\/Pavillon-1.jpg\" \/>\n\t<meta property=\"og:image:width\" content=\"1920\" \/>\n\t<meta property=\"og:image:height\" content=\"2560\" \/>\n\t<meta property=\"og:image:type\" content=\"image\/jpeg\" \/>\n<meta name=\"twitter:card\" content=\"summary_large_image\" \/>\n<meta name=\"twitter:label1\" content=\"Gesch\u00e4tzte Lesezeit\" \/>\n\t<meta name=\"twitter:data1\" content=\"1\u00a0Minute\" \/>\n<script type=\"application\/ld+json\" class=\"yoast-schema-graph\">{\"@context\":\"https:\\\/\\\/schema.org\",\"@graph\":[{\"@type\":\"WebPage\",\"@id\":\"https:\\\/\\\/www.dialogheilpraxis-kalin.de\\\/?page_id=64\",\"url\":\"https:\\\/\\\/www.dialogheilpraxis-kalin.de\\\/?page_id=64\",\"name\":\"Warum muss ich selbst bezahlen? - Dialogheilpraxis Kalin\",\"isPartOf\":{\"@id\":\"https:\\\/\\\/www.dialogheilpraxis-kalin.de\\\/#website\"},\"primaryImageOfPage\":{\"@id\":\"https:\\\/\\\/www.dialogheilpraxis-kalin.de\\\/?page_id=64#primaryimage\"},\"image\":{\"@id\":\"https:\\\/\\\/www.dialogheilpraxis-kalin.de\\\/?page_id=64#primaryimage\"},\"thumbnailUrl\":\"https:\\\/\\\/www.dialogheilpraxis-kalin.de\\\/wp-content\\\/uploads\\\/2022\\\/11\\\/Pavillon-1.jpg\",\"datePublished\":\"2021-05-14T11:59:38+00:00\",\"dateModified\":\"2024-11-22T12:23:04+00:00\",\"description\":\"Heilpraktikerleistungen sind in Deutschland keine Kassenleistung. Das gilt auch f\u00fcr psychotherapeutische Leistungen.\",\"breadcrumb\":{\"@id\":\"https:\\\/\\\/www.dialogheilpraxis-kalin.de\\\/?page_id=64#breadcrumb\"},\"inLanguage\":\"de\",\"potentialAction\":[{\"@type\":\"ReadAction\",\"target\":[\"https:\\\/\\\/www.dialogheilpraxis-kalin.de\\\/?page_id=64\"]}]},{\"@type\":\"ImageObject\",\"inLanguage\":\"de\",\"@id\":\"https:\\\/\\\/www.dialogheilpraxis-kalin.de\\\/?page_id=64#primaryimage\",\"url\":\"https:\\\/\\\/www.dialogheilpraxis-kalin.de\\\/wp-content\\\/uploads\\\/2022\\\/11\\\/Pavillon-1.jpg\",\"contentUrl\":\"https:\\\/\\\/www.dialogheilpraxis-kalin.de\\\/wp-content\\\/uploads\\\/2022\\\/11\\\/Pavillon-1.jpg\",\"width\":1920,\"height\":2560,\"caption\":\"Pavillion\"},{\"@type\":\"BreadcrumbList\",\"@id\":\"https:\\\/\\\/www.dialogheilpraxis-kalin.de\\\/?page_id=64#breadcrumb\",\"itemListElement\":[{\"@type\":\"ListItem\",\"position\":1,\"name\":\"Startseite\",\"item\":\"https:\\\/\\\/www.dialogheilpraxis-kalin.de\\\/\"},{\"@type\":\"ListItem\",\"position\":2,\"name\":\"Warum muss ich selbst bezahlen?\"}]},{\"@type\":\"WebSite\",\"@id\":\"https:\\\/\\\/www.dialogheilpraxis-kalin.de\\\/#website\",\"url\":\"https:\\\/\\\/www.dialogheilpraxis-kalin.de\\\/\",\"name\":\"Dialogheilpraxis Kalin\",\"description\":\"Diplom P\u00e4dagoge Manfred Kalin\",\"potentialAction\":[{\"@type\":\"SearchAction\",\"target\":{\"@type\":\"EntryPoint\",\"urlTemplate\":\"https:\\\/\\\/www.dialogheilpraxis-kalin.de\\\/?s={search_term_string}\"},\"query-input\":{\"@type\":\"PropertyValueSpecification\",\"valueRequired\":true,\"valueName\":\"search_term_string\"}}],\"inLanguage\":\"de\"}]}<\/script>\n<!-- \/ Yoast SEO plugin. -->","yoast_head_json":{"title":"Warum muss ich selbst bezahlen? - Dialogheilpraxis Kalin","description":"Heilpraktikerleistungen sind in Deutschland keine Kassenleistung. Das gilt auch f\u00fcr psychotherapeutische Leistungen.","robots":{"index":"noindex","follow":"nofollow"},"og_locale":"de_DE","og_type":"article","og_title":"Warum muss ich selbst bezahlen? - Dialogheilpraxis Kalin","og_description":"Heilpraktikerleistungen sind in Deutschland keine Kassenleistung. Das gilt auch f\u00fcr psychotherapeutische Leistungen.","og_url":"https:\/\/www.dialogheilpraxis-kalin.de\/?page_id=64","og_site_name":"Dialogheilpraxis Kalin","article_modified_time":"2024-11-22T12:23:04+00:00","og_image":[{"width":1920,"height":2560,"url":"https:\/\/www.dialogheilpraxis-kalin.de\/wp-content\/uploads\/2022\/11\/Pavillon-1.jpg","type":"image\/jpeg"}],"twitter_card":"summary_large_image","twitter_misc":{"Gesch\u00e4tzte Lesezeit":"1\u00a0Minute"},"schema":{"@context":"https:\/\/schema.org","@graph":[{"@type":"WebPage","@id":"https:\/\/www.dialogheilpraxis-kalin.de\/?page_id=64","url":"https:\/\/www.dialogheilpraxis-kalin.de\/?page_id=64","name":"Warum muss ich selbst bezahlen? - Dialogheilpraxis Kalin","isPartOf":{"@id":"https:\/\/www.dialogheilpraxis-kalin.de\/#website"},"primaryImageOfPage":{"@id":"https:\/\/www.dialogheilpraxis-kalin.de\/?page_id=64#primaryimage"},"image":{"@id":"https:\/\/www.dialogheilpraxis-kalin.de\/?page_id=64#primaryimage"},"thumbnailUrl":"https:\/\/www.dialogheilpraxis-kalin.de\/wp-content\/uploads\/2022\/11\/Pavillon-1.jpg","datePublished":"2021-05-14T11:59:38+00:00","dateModified":"2024-11-22T12:23:04+00:00","description":"Heilpraktikerleistungen sind in Deutschland keine Kassenleistung. Das gilt auch f\u00fcr psychotherapeutische Leistungen.","breadcrumb":{"@id":"https:\/\/www.dialogheilpraxis-kalin.de\/?page_id=64#breadcrumb"},"inLanguage":"de","potentialAction":[{"@type":"ReadAction","target":["https:\/\/www.dialogheilpraxis-kalin.de\/?page_id=64"]}]},{"@type":"ImageObject","inLanguage":"de","@id":"https:\/\/www.dialogheilpraxis-kalin.de\/?page_id=64#primaryimage","url":"https:\/\/www.dialogheilpraxis-kalin.de\/wp-content\/uploads\/2022\/11\/Pavillon-1.jpg","contentUrl":"https:\/\/www.dialogheilpraxis-kalin.de\/wp-content\/uploads\/2022\/11\/Pavillon-1.jpg","width":1920,"height":2560,"caption":"Pavillion"},{"@type":"BreadcrumbList","@id":"https:\/\/www.dialogheilpraxis-kalin.de\/?page_id=64#breadcrumb","itemListElement":[{"@type":"ListItem","position":1,"name":"Startseite","item":"https:\/\/www.dialogheilpraxis-kalin.de\/"},{"@type":"ListItem","position":2,"name":"Warum muss ich selbst bezahlen?"}]},{"@type":"WebSite","@id":"https:\/\/www.dialogheilpraxis-kalin.de\/#website","url":"https:\/\/www.dialogheilpraxis-kalin.de\/","name":"Dialogheilpraxis Kalin","description":"Diplom P\u00e4dagoge Manfred Kalin","potentialAction":[{"@type":"SearchAction","target":{"@type":"EntryPoint","urlTemplate":"https:\/\/www.dialogheilpraxis-kalin.de\/?s={search_term_string}"},"query-input":{"@type":"PropertyValueSpecification","valueRequired":true,"valueName":"search_term_string"}}],"inLanguage":"de"}]}},"_links":{"self":[{"href":"https:\/\/www.dialogheilpraxis-kalin.de\/index.php?rest_route=\/wp\/v2\/pages\/64","targetHints":{"allow":["GET"]}}],"collection":[{"href":"https:\/\/www.dialogheilpraxis-kalin.de\/index.php?rest_route=\/wp\/v2\/pages"}],"about":[{"href":"https:\/\/www.dialogheilpraxis-kalin.de\/index.php?rest_route=\/wp\/v2\/types\/page"}],"author":[{"embeddable":true,"href":"https:\/\/www.dialogheilpraxis-kalin.de\/index.php?rest_route=\/wp\/v2\/users\/3"}],"replies":[{"embeddable":true,"href":"https:\/\/www.dialogheilpraxis-kalin.de\/index.php?rest_route=%2Fwp%2Fv2%2Fcomments&post=64"}],"version-history":[{"count":1,"href":"https:\/\/www.dialogheilpraxis-kalin.de\/index.php?rest_route=\/wp\/v2\/pages\/64\/revisions"}],"predecessor-version":[{"id":689,"href":"https:\/\/www.dialogheilpraxis-kalin.de\/index.php?rest_route=\/wp\/v2\/pages\/64\/revisions\/689"}],"wp:featuredmedia":[{"embeddable":true,"href":"https:\/\/www.dialogheilpraxis-kalin.de\/index.php?rest_route=\/wp\/v2\/media\/558"}],"wp:attachment":[{"href":"https:\/\/www.dialogheilpraxis-kalin.de\/index.php?rest_route=%2Fwp%2Fv2%2Fmedia&parent=64"}],"curies":[{"name":"wp","href":"https:\/\/api.w.org\/{rel}","templated":true}]}}