{"id":59,"date":"2021-05-14T13:52:27","date_gmt":"2021-05-14T11:52:27","guid":{"rendered":"https:\/\/192.168.178.5:8081\/WordPress\/?page_id=59"},"modified":"2024-11-22T13:19:56","modified_gmt":"2024-11-22T12:19:56","slug":"die-fragen-an-mich","status":"publish","type":"page","link":"https:\/\/www.dialogheilpraxis-kalin.de\/?page_id=59","title":{"rendered":"Fragen"},"content":{"rendered":"\n<p class=\"has-medium-font-size\"><a href=\"https:\/\/www.dialogheilpraxis-kalin.de\/?page_id=64\" data-type=\"page\" data-id=\"64\">Warum muss ich selbst bezahlen?<\/a><\/p>\n\n\n\n<p class=\"has-medium-font-size\"><a href=\"https:\/\/www.dialogheilpraxis-kalin.de\/?page_id=80\">Welchen Vorteil hat eine Therapie bei Ihnen gegen\u00fcber einer von der Krankenkasse bezahlten Therapie?<\/a><\/p>\n\n\n\n<p class=\"has-medium-font-size\"><a href=\"https:\/\/www.dialogheilpraxis-kalin.de\/?page_id=74\">Wie lange muss ich auf einen Termin warten?<\/a><\/p>\n\n\n\n<p class=\"has-medium-font-size\"><a href=\"https:\/\/www.dialogheilpraxis-kalin.de\/?page_id=76\">Gibt es Therapiezeit f\u00fcr Berufst\u00e4tige?<\/a><\/p>\n\n\n\n<p class=\"has-medium-font-size\"><a href=\"https:\/\/www.dialogheilpraxis-kalin.de\/wp-admin\/edit.php?post_type=page\"><\/a><a href=\"https:\/\/www.dialogheilpraxis-kalin.de\/?page_id=78\">Kann ich zu Ihnen in Therapie kommen, obwohl mein Hausarzt sagt, mir fehle nichts, ich solle mich nicht so anstellen?<\/a><\/p>\n\n\n\n<p class=\"has-medium-font-size\"><a href=\"https:\/\/www.dialogheilpraxis-kalin.de\/?page_id=68\" data-type=\"page\" data-id=\"68\">Wie lange dauert eine Therapie bei Ihnen?<\/a><\/p>\n\n\n\n<p class=\"has-medium-font-size\"><a href=\"https:\/\/www.dialogheilpraxis-kalin.de\/?page_id=66\">Worauf lasse ich mich vertraglich ein?<\/a><\/p>\n\n\n\n<p class=\"has-medium-font-size\"><a href=\"https:\/\/www.dialogheilpraxis-kalin.de\/?page_id=72\" data-type=\"page\" data-id=\"72\">Wann wird bezahlt?<\/a><\/p>\n\n\n\n<p class=\"has-medium-font-size\"><a href=\"https:\/\/www.dialogheilpraxis-kalin.de\/?page_id=70\">Kann ich zu Ihnen in die Praxis zur\u00fcckkommen, wenn ich erneut eine Therapie w\u00fcnsche?<\/a><\/p>\n","protected":false},"excerpt":{"rendered":"<p>Warum muss ich selbst bezahlen? Welchen Vorteil hat eine Therapie bei Ihnen gegen\u00fcber einer von der Krankenkasse bezahlten Therapie? Wie lange muss ich auf einen Termin warten? Gibt es Therapiezeit f\u00fcr Berufst\u00e4tige? Kann ich zu Ihnen in Therapie kommen, obwohl mein Hausarzt sagt, mir fehle nichts, ich solle mich nicht so anstellen? Wie lange dauert &hellip; <\/p>\n<p class=\"link-more\"><a href=\"https:\/\/www.dialogheilpraxis-kalin.de\/?page_id=59\" class=\"more-link\"><span class=\"screen-reader-text\">\u201eFragen\u201c <\/span>weiterlesen<\/a><\/p>\n","protected":false},"author":3,"featured_media":552,"parent":0,"menu_order":0,"comment_status":"closed","ping_status":"closed","template":"","meta":{"footnotes":""},"class_list":["post-59","page","type-page","status-publish","has-post-thumbnail","hentry"],"yoast_head":"<!-- This site is optimized with the Yoast SEO plugin v27.4 - https:\/\/yoast.com\/product\/yoast-seo-wordpress\/ -->\n<title>Fragen - Dialogheilpraxis Kalin<\/title>\n<meta name=\"description\" content=\"Fragen, die Sie sich vielleicht stellen, k\u00f6nnen Sie hier anklicken und hoffentlich hilft Ihnen die Antwort.\" \/>\n<meta name=\"robots\" content=\"index, nofollow, max-snippet:-1, max-image-preview:large, max-video-preview:-1\" \/>\n<link rel=\"canonical\" href=\"https:\/\/www.dialogheilpraxis-kalin.de\/?page_id=59\" \/>\n<meta property=\"og:locale\" content=\"de_DE\" \/>\n<meta property=\"og:type\" content=\"article\" \/>\n<meta property=\"og:title\" content=\"Fragen - Dialogheilpraxis Kalin\" \/>\n<meta property=\"og:description\" content=\"Fragen, die Sie sich vielleicht stellen, k\u00f6nnen Sie hier anklicken und hoffentlich hilft Ihnen die Antwort.\" \/>\n<meta property=\"og:url\" content=\"https:\/\/www.dialogheilpraxis-kalin.de\/?page_id=59\" \/>\n<meta property=\"og:site_name\" content=\"Dialogheilpraxis Kalin\" \/>\n<meta property=\"article:modified_time\" content=\"2024-11-22T12:19:56+00:00\" \/>\n<meta property=\"og:image\" content=\"https:\/\/www.dialogheilpraxis-kalin.de\/wp-content\/uploads\/2022\/11\/Bunte-Schalen-1.jpg\" \/>\n\t<meta property=\"og:image:width\" content=\"2560\" \/>\n\t<meta property=\"og:image:height\" content=\"1920\" \/>\n\t<meta property=\"og:image:type\" content=\"image\/jpeg\" \/>\n<meta name=\"twitter:card\" content=\"summary_large_image\" \/>\n<meta name=\"twitter:label1\" content=\"Gesch\u00e4tzte Lesezeit\" \/>\n\t<meta name=\"twitter:data1\" content=\"1\u00a0Minute\" \/>\n<script type=\"application\/ld+json\" class=\"yoast-schema-graph\">{\"@context\":\"https:\\\/\\\/schema.org\",\"@graph\":[{\"@type\":\"WebPage\",\"@id\":\"https:\\\/\\\/www.dialogheilpraxis-kalin.de\\\/?page_id=59\",\"url\":\"https:\\\/\\\/www.dialogheilpraxis-kalin.de\\\/?page_id=59\",\"name\":\"Fragen - Dialogheilpraxis Kalin\",\"isPartOf\":{\"@id\":\"https:\\\/\\\/www.dialogheilpraxis-kalin.de\\\/#website\"},\"primaryImageOfPage\":{\"@id\":\"https:\\\/\\\/www.dialogheilpraxis-kalin.de\\\/?page_id=59#primaryimage\"},\"image\":{\"@id\":\"https:\\\/\\\/www.dialogheilpraxis-kalin.de\\\/?page_id=59#primaryimage\"},\"thumbnailUrl\":\"https:\\\/\\\/www.dialogheilpraxis-kalin.de\\\/wp-content\\\/uploads\\\/2022\\\/11\\\/Bunte-Schalen-1.jpg\",\"datePublished\":\"2021-05-14T11:52:27+00:00\",\"dateModified\":\"2024-11-22T12:19:56+00:00\",\"description\":\"Fragen, die Sie sich vielleicht stellen, k\u00f6nnen Sie hier anklicken und hoffentlich hilft Ihnen die Antwort.\",\"breadcrumb\":{\"@id\":\"https:\\\/\\\/www.dialogheilpraxis-kalin.de\\\/?page_id=59#breadcrumb\"},\"inLanguage\":\"de\",\"potentialAction\":[{\"@type\":\"ReadAction\",\"target\":[\"https:\\\/\\\/www.dialogheilpraxis-kalin.de\\\/?page_id=59\"]}]},{\"@type\":\"ImageObject\",\"inLanguage\":\"de\",\"@id\":\"https:\\\/\\\/www.dialogheilpraxis-kalin.de\\\/?page_id=59#primaryimage\",\"url\":\"https:\\\/\\\/www.dialogheilpraxis-kalin.de\\\/wp-content\\\/uploads\\\/2022\\\/11\\\/Bunte-Schalen-1.jpg\",\"contentUrl\":\"https:\\\/\\\/www.dialogheilpraxis-kalin.de\\\/wp-content\\\/uploads\\\/2022\\\/11\\\/Bunte-Schalen-1.jpg\",\"width\":2560,\"height\":1920,\"caption\":\"Bunte-Schalen\"},{\"@type\":\"BreadcrumbList\",\"@id\":\"https:\\\/\\\/www.dialogheilpraxis-kalin.de\\\/?page_id=59#breadcrumb\",\"itemListElement\":[{\"@type\":\"ListItem\",\"position\":1,\"name\":\"Startseite\",\"item\":\"https:\\\/\\\/www.dialogheilpraxis-kalin.de\\\/\"},{\"@type\":\"ListItem\",\"position\":2,\"name\":\"Fragen\"}]},{\"@type\":\"WebSite\",\"@id\":\"https:\\\/\\\/www.dialogheilpraxis-kalin.de\\\/#website\",\"url\":\"https:\\\/\\\/www.dialogheilpraxis-kalin.de\\\/\",\"name\":\"Dialogheilpraxis Kalin\",\"description\":\"Diplom P\u00e4dagoge Manfred Kalin\",\"potentialAction\":[{\"@type\":\"SearchAction\",\"target\":{\"@type\":\"EntryPoint\",\"urlTemplate\":\"https:\\\/\\\/www.dialogheilpraxis-kalin.de\\\/?s={search_term_string}\"},\"query-input\":{\"@type\":\"PropertyValueSpecification\",\"valueRequired\":true,\"valueName\":\"search_term_string\"}}],\"inLanguage\":\"de\"}]}<\/script>\n<!-- \/ Yoast SEO plugin. -->","yoast_head_json":{"title":"Fragen - Dialogheilpraxis Kalin","description":"Fragen, die Sie sich vielleicht stellen, k\u00f6nnen Sie hier anklicken und hoffentlich hilft Ihnen die Antwort.","robots":{"index":"index","follow":"nofollow","max-snippet":"max-snippet:-1","max-image-preview":"max-image-preview:large","max-video-preview":"max-video-preview:-1"},"canonical":"https:\/\/www.dialogheilpraxis-kalin.de\/?page_id=59","og_locale":"de_DE","og_type":"article","og_title":"Fragen - Dialogheilpraxis Kalin","og_description":"Fragen, die Sie sich vielleicht stellen, k\u00f6nnen Sie hier anklicken und hoffentlich hilft Ihnen die Antwort.","og_url":"https:\/\/www.dialogheilpraxis-kalin.de\/?page_id=59","og_site_name":"Dialogheilpraxis Kalin","article_modified_time":"2024-11-22T12:19:56+00:00","og_image":[{"width":2560,"height":1920,"url":"https:\/\/www.dialogheilpraxis-kalin.de\/wp-content\/uploads\/2022\/11\/Bunte-Schalen-1.jpg","type":"image\/jpeg"}],"twitter_card":"summary_large_image","twitter_misc":{"Gesch\u00e4tzte Lesezeit":"1\u00a0Minute"},"schema":{"@context":"https:\/\/schema.org","@graph":[{"@type":"WebPage","@id":"https:\/\/www.dialogheilpraxis-kalin.de\/?page_id=59","url":"https:\/\/www.dialogheilpraxis-kalin.de\/?page_id=59","name":"Fragen - Dialogheilpraxis Kalin","isPartOf":{"@id":"https:\/\/www.dialogheilpraxis-kalin.de\/#website"},"primaryImageOfPage":{"@id":"https:\/\/www.dialogheilpraxis-kalin.de\/?page_id=59#primaryimage"},"image":{"@id":"https:\/\/www.dialogheilpraxis-kalin.de\/?page_id=59#primaryimage"},"thumbnailUrl":"https:\/\/www.dialogheilpraxis-kalin.de\/wp-content\/uploads\/2022\/11\/Bunte-Schalen-1.jpg","datePublished":"2021-05-14T11:52:27+00:00","dateModified":"2024-11-22T12:19:56+00:00","description":"Fragen, die Sie sich vielleicht stellen, k\u00f6nnen Sie hier anklicken und hoffentlich hilft Ihnen die Antwort.","breadcrumb":{"@id":"https:\/\/www.dialogheilpraxis-kalin.de\/?page_id=59#breadcrumb"},"inLanguage":"de","potentialAction":[{"@type":"ReadAction","target":["https:\/\/www.dialogheilpraxis-kalin.de\/?page_id=59"]}]},{"@type":"ImageObject","inLanguage":"de","@id":"https:\/\/www.dialogheilpraxis-kalin.de\/?page_id=59#primaryimage","url":"https:\/\/www.dialogheilpraxis-kalin.de\/wp-content\/uploads\/2022\/11\/Bunte-Schalen-1.jpg","contentUrl":"https:\/\/www.dialogheilpraxis-kalin.de\/wp-content\/uploads\/2022\/11\/Bunte-Schalen-1.jpg","width":2560,"height":1920,"caption":"Bunte-Schalen"},{"@type":"BreadcrumbList","@id":"https:\/\/www.dialogheilpraxis-kalin.de\/?page_id=59#breadcrumb","itemListElement":[{"@type":"ListItem","position":1,"name":"Startseite","item":"https:\/\/www.dialogheilpraxis-kalin.de\/"},{"@type":"ListItem","position":2,"name":"Fragen"}]},{"@type":"WebSite","@id":"https:\/\/www.dialogheilpraxis-kalin.de\/#website","url":"https:\/\/www.dialogheilpraxis-kalin.de\/","name":"Dialogheilpraxis Kalin","description":"Diplom P\u00e4dagoge Manfred Kalin","potentialAction":[{"@type":"SearchAction","target":{"@type":"EntryPoint","urlTemplate":"https:\/\/www.dialogheilpraxis-kalin.de\/?s={search_term_string}"},"query-input":{"@type":"PropertyValueSpecification","valueRequired":true,"valueName":"search_term_string"}}],"inLanguage":"de"}]}},"_links":{"self":[{"href":"https:\/\/www.dialogheilpraxis-kalin.de\/index.php?rest_route=\/wp\/v2\/pages\/59","targetHints":{"allow":["GET"]}}],"collection":[{"href":"https:\/\/www.dialogheilpraxis-kalin.de\/index.php?rest_route=\/wp\/v2\/pages"}],"about":[{"href":"https:\/\/www.dialogheilpraxis-kalin.de\/index.php?rest_route=\/wp\/v2\/types\/page"}],"author":[{"embeddable":true,"href":"https:\/\/www.dialogheilpraxis-kalin.de\/index.php?rest_route=\/wp\/v2\/users\/3"}],"replies":[{"embeddable":true,"href":"https:\/\/www.dialogheilpraxis-kalin.de\/index.php?rest_route=%2Fwp%2Fv2%2Fcomments&post=59"}],"version-history":[{"count":1,"href":"https:\/\/www.dialogheilpraxis-kalin.de\/index.php?rest_route=\/wp\/v2\/pages\/59\/revisions"}],"predecessor-version":[{"id":688,"href":"https:\/\/www.dialogheilpraxis-kalin.de\/index.php?rest_route=\/wp\/v2\/pages\/59\/revisions\/688"}],"wp:featuredmedia":[{"embeddable":true,"href":"https:\/\/www.dialogheilpraxis-kalin.de\/index.php?rest_route=\/wp\/v2\/media\/552"}],"wp:attachment":[{"href":"https:\/\/www.dialogheilpraxis-kalin.de\/index.php?rest_route=%2Fwp%2Fv2%2Fmedia&parent=59"}],"curies":[{"name":"wp","href":"https:\/\/api.w.org\/{rel}","templated":true}]}}