{"id":131,"date":"2021-06-28T18:21:15","date_gmt":"2021-06-28T16:21:15","guid":{"rendered":"https:\/\/192.168.178.5:8081\/WordPress\/?page_id=131"},"modified":"2025-12-16T17:29:15","modified_gmt":"2025-12-16T16:29:15","slug":"weiterlesen","status":"publish","type":"page","link":"https:\/\/www.dialogheilpraxis-kalin.de\/?page_id=131","title":{"rendered":"Weiterlesen"},"content":{"rendered":"\n<p>Sie interessieren sich f\u00fcr mehr Information zum Weiterlesen, dann k\u00f6nnen Sie sich mit den Links auf dieser Seite mehr Information holen. Starten Sie mit Weiterlesen noch heute.<\/p>\n\n\n\n<p class=\"has-medium-font-size\"><a href=\"https:\/\/www.dialogheilpraxis-kalin.de\/wp-content\/uploads\/2022\/11\/Wozu-eigentlich-Gespraechspsychotherapie-und-warum-muss-ich-dafuer-bezahlen.pdf\" target=\"_blank\" rel=\"noreferrer noopener nofollow\">Wozu eigentlich Gespr\u00e4chspsychotherapie und warum muss ich daf\u00fcr bezahlen?<\/a><\/p>\n\n\n\n<p class=\"has-medium-font-size\"><a href=\"https:\/\/www.dialogheilpraxis-kalin.de\/wp-content\/uploads\/2022\/11\/Warum-Familien-sich-nicht-scheiden-koennen-Paare-aber-sehr-haeufig-und-ungeklaert..pdf\" target=\"_blank\" rel=\"noreferrer noopener nofollow\">Warum Familien sich nicht scheiden k\u00f6nnen, Paare aber sehr h\u00e4ufig und ungekl\u00e4rt<\/a><\/p>\n\n\n\n<p class=\"has-medium-font-size\"><a href=\"https:\/\/www.dialogheilpraxis-kalin.de\/wp-content\/uploads\/2022\/11\/Es-dauert-mich-Ueber-Herzensguete-im-Zeitalter-des-technischen-Puritanismus.pdf\" target=\"_blank\" rel=\"noreferrer noopener nofollow\">Es dauert mich! \u00dcber Herzensg\u00fcte im Zeitalter des technischen Puritanismus<\/a><\/p>\n\n\n\n<p class=\"has-medium-font-size\"><a href=\"https:\/\/www.dialogheilpraxis-kalin.de\/wp-content\/uploads\/2022\/11\/Die-Kindheit-des-alternden-Menschen-einige-unerhoerte-Behauptungen.pdf\" target=\"_blank\" rel=\"noreferrer noopener nofollow\">Die Kindheit des alternden Menschen &#8211; einige unerh\u00f6rte Behauptungen<\/a><\/p>\n\n\n\n<p class=\"has-medium-font-size\"><a href=\"https:\/\/www.dialogheilpraxis-kalin.de\/wp-content\/uploads\/2022\/11\/Es-waere-gefuehlt-der-Konjunktiv-als-psychopathologische-Kategorie.pdf\" target=\"_blank\" rel=\"noreferrer noopener nofollow\">&#8222;Es w\u00e4re gef\u00fchlt&#8220; &#8211; der Konjunktiv als psychopathologische Kategorie<\/a><\/p>\n\n\n\n<p class=\"has-medium-font-size\"><a href=\"https:\/\/www.dialogheilpraxis-kalin.de\/wp-content\/uploads\/2022\/11\/Illusionsstuerme-um-Verwirrungsinseln_Was-in-einer-Psychotherapie-wirklich-passiert.pdf\" target=\"_blank\" rel=\"noreferrer noopener nofollow\">Illusionsst\u00fcrme um Verwirrungsinseln. Was in einer Psychotherapie wirklich passiert<\/a><\/p>\n\n\n\n<p class=\"has-medium-font-size\"><a href=\"https:\/\/www.dialogheilpraxis-kalin.de\/wp-content\/uploads\/2022\/11\/Liebe-in-der-therapeutischen-Beziehung-ein-egozentrischer-Vorgang.pdf\" target=\"_blank\" rel=\"noreferrer noopener nofollow\">Liebe in der therapeutischen Beziehung &#8211; ein egozentrischer Vorgang<\/a><\/p>\n\n\n\n<p class=\"has-medium-font-size\"><a href=\"https:\/\/www.dialogheilpraxis-kalin.de\/wp-content\/uploads\/2022\/11\/Was-bedeutet-die-allmaehliche-Beendigung-einer-Psychotherapie-fuer-den-Patienten.pdf\" target=\"_blank\" rel=\"noreferrer noopener nofollow\">Was bedeutet die allm\u00e4hliche Beendigung einer Psychotherapie f\u00fcr den Patienten?<\/a><\/p>\n\n\n\n<p class=\"has-medium-font-size\"><a href=\"https:\/\/www.dialogheilpraxis-kalin.de\/wp-content\/uploads\/2022\/11\/Zweihundert-Freunde-sollt-ihr-sein-Psychotherapie-im-Jahrzehnt-von-big-data.pdf\" target=\"_blank\" rel=\"noreferrer noopener nofollow\">Zweihundert Freunde sollt ihr sein &#8211; Psychotherapie im Jahrzehnt von big data<\/a><\/p>\n\n\n\n<p class=\"has-medium-font-size\"><a href=\"https:\/\/www.dialogheilpraxis-kalin.de\/wp-content\/uploads\/2022\/11\/Atem-und-Sprechtherapie-in-der-Dialogheilpraxis-Kalin.pdf\" target=\"_blank\" rel=\"noreferrer noopener nofollow\">Atem- und Sprechtherapie in der Dialogheilpraxis Kalin<\/a><\/p>\n\n\n\n<p class=\"has-medium-font-size\"><a href=\"https:\/\/www.dialogheilpraxis-kalin.de\/wp-content\/uploads\/2022\/11\/Seelische-Hoerigkeit-ein-heftiges-sozial-verstecktes-Phaenomen.pdf\" target=\"_blank\" rel=\"noreferrer noopener nofollow\">Seelische H\u00f6rigkeit: ein heftiges, sozial verstecktes Ph\u00e4nomen<\/a><\/p>\n","protected":false},"excerpt":{"rendered":"<p>Sie interessieren sich f\u00fcr mehr Information zum Weiterlesen, dann k\u00f6nnen Sie sich mit den Links auf dieser Seite mehr Information holen. Starten Sie mit Weiterlesen noch heute. Wozu eigentlich Gespr\u00e4chspsychotherapie und warum muss ich daf\u00fcr bezahlen? Warum Familien sich nicht scheiden k\u00f6nnen, Paare aber sehr h\u00e4ufig und ungekl\u00e4rt Es dauert mich! \u00dcber Herzensg\u00fcte im Zeitalter &hellip; <\/p>\n<p class=\"link-more\"><a href=\"https:\/\/www.dialogheilpraxis-kalin.de\/?page_id=131\" class=\"more-link\"><span class=\"screen-reader-text\">\u201eWeiterlesen\u201c <\/span>weiterlesen<\/a><\/p>\n","protected":false},"author":3,"featured_media":549,"parent":0,"menu_order":0,"comment_status":"closed","ping_status":"closed","template":"","meta":{"footnotes":""},"class_list":["post-131","page","type-page","status-publish","has-post-thumbnail","hentry"],"yoast_head":"<!-- This site is optimized with the Yoast SEO plugin v27.4 - https:\/\/yoast.com\/product\/yoast-seo-wordpress\/ -->\n<title>Weiterlesen - Dialogheilpraxis Kalin<\/title>\n<meta name=\"description\" content=\"Sie interessieren sich f\u00fcr mehr Information zum Weiterlesen, dann k\u00f6nnen Sie sich mit den Links auf dieser Seite mehr Information holen.\" \/>\n<meta name=\"robots\" content=\"index, nofollow, max-snippet:-1, max-image-preview:large, max-video-preview:-1\" \/>\n<link rel=\"canonical\" href=\"https:\/\/www.dialogheilpraxis-kalin.de\/?page_id=131\" \/>\n<meta property=\"og:locale\" content=\"de_DE\" \/>\n<meta property=\"og:type\" content=\"article\" \/>\n<meta property=\"og:title\" content=\"Weiterlesen - Dialogheilpraxis Kalin\" \/>\n<meta property=\"og:description\" content=\"Sie interessieren sich f\u00fcr mehr Information zum Weiterlesen, dann k\u00f6nnen Sie sich mit den Links auf dieser Seite mehr Information holen.\" \/>\n<meta property=\"og:url\" content=\"https:\/\/www.dialogheilpraxis-kalin.de\/?page_id=131\" \/>\n<meta property=\"og:site_name\" content=\"Dialogheilpraxis Kalin\" \/>\n<meta property=\"article:modified_time\" content=\"2025-12-16T16:29:15+00:00\" \/>\n<meta property=\"og:image\" content=\"https:\/\/www.dialogheilpraxis-kalin.de\/wp-content\/uploads\/2022\/11\/Auf-dem-Fluss-1.jpg\" \/>\n\t<meta property=\"og:image:width\" content=\"2560\" \/>\n\t<meta property=\"og:image:height\" content=\"1714\" \/>\n\t<meta property=\"og:image:type\" content=\"image\/jpeg\" \/>\n<meta name=\"twitter:card\" content=\"summary_large_image\" \/>\n<meta name=\"twitter:label1\" content=\"Gesch\u00e4tzte Lesezeit\" \/>\n\t<meta name=\"twitter:data1\" content=\"1\u00a0Minute\" \/>\n<script type=\"application\/ld+json\" class=\"yoast-schema-graph\">{\"@context\":\"https:\\\/\\\/schema.org\",\"@graph\":[{\"@type\":\"Article\",\"@id\":\"https:\\\/\\\/www.dialogheilpraxis-kalin.de\\\/?page_id=131#article\",\"isPartOf\":{\"@id\":\"https:\\\/\\\/www.dialogheilpraxis-kalin.de\\\/?page_id=131\"},\"author\":{\"name\":\"Mary Kalin\",\"@id\":\"https:\\\/\\\/www.dialogheilpraxis-kalin.de\\\/#\\\/schema\\\/person\\\/8b3018e3ed38cbd67b8d9c06e7308cc5\"},\"headline\":\"Weiterlesen\",\"datePublished\":\"2021-06-28T16:21:15+00:00\",\"dateModified\":\"2025-12-16T16:29:15+00:00\",\"mainEntityOfPage\":{\"@id\":\"https:\\\/\\\/www.dialogheilpraxis-kalin.de\\\/?page_id=131\"},\"wordCount\":147,\"image\":{\"@id\":\"https:\\\/\\\/www.dialogheilpraxis-kalin.de\\\/?page_id=131#primaryimage\"},\"thumbnailUrl\":\"https:\\\/\\\/www.dialogheilpraxis-kalin.de\\\/wp-content\\\/uploads\\\/2022\\\/11\\\/Auf-dem-Fluss-1.jpg\",\"inLanguage\":\"de\"},{\"@type\":\"WebPage\",\"@id\":\"https:\\\/\\\/www.dialogheilpraxis-kalin.de\\\/?page_id=131\",\"url\":\"https:\\\/\\\/www.dialogheilpraxis-kalin.de\\\/?page_id=131\",\"name\":\"Weiterlesen - Dialogheilpraxis Kalin\",\"isPartOf\":{\"@id\":\"https:\\\/\\\/www.dialogheilpraxis-kalin.de\\\/#website\"},\"primaryImageOfPage\":{\"@id\":\"https:\\\/\\\/www.dialogheilpraxis-kalin.de\\\/?page_id=131#primaryimage\"},\"image\":{\"@id\":\"https:\\\/\\\/www.dialogheilpraxis-kalin.de\\\/?page_id=131#primaryimage\"},\"thumbnailUrl\":\"https:\\\/\\\/www.dialogheilpraxis-kalin.de\\\/wp-content\\\/uploads\\\/2022\\\/11\\\/Auf-dem-Fluss-1.jpg\",\"datePublished\":\"2021-06-28T16:21:15+00:00\",\"dateModified\":\"2025-12-16T16:29:15+00:00\",\"description\":\"Sie interessieren sich f\u00fcr mehr Information zum Weiterlesen, dann k\u00f6nnen Sie sich mit den Links auf dieser Seite mehr Information holen.\",\"breadcrumb\":{\"@id\":\"https:\\\/\\\/www.dialogheilpraxis-kalin.de\\\/?page_id=131#breadcrumb\"},\"inLanguage\":\"de\",\"potentialAction\":[{\"@type\":\"ReadAction\",\"target\":[\"https:\\\/\\\/www.dialogheilpraxis-kalin.de\\\/?page_id=131\"]}]},{\"@type\":\"ImageObject\",\"inLanguage\":\"de\",\"@id\":\"https:\\\/\\\/www.dialogheilpraxis-kalin.de\\\/?page_id=131#primaryimage\",\"url\":\"https:\\\/\\\/www.dialogheilpraxis-kalin.de\\\/wp-content\\\/uploads\\\/2022\\\/11\\\/Auf-dem-Fluss-1.jpg\",\"contentUrl\":\"https:\\\/\\\/www.dialogheilpraxis-kalin.de\\\/wp-content\\\/uploads\\\/2022\\\/11\\\/Auf-dem-Fluss-1.jpg\",\"width\":2560,\"height\":1714,\"caption\":\"Auf dem Fluss\"},{\"@type\":\"BreadcrumbList\",\"@id\":\"https:\\\/\\\/www.dialogheilpraxis-kalin.de\\\/?page_id=131#breadcrumb\",\"itemListElement\":[{\"@type\":\"ListItem\",\"position\":1,\"name\":\"Startseite\",\"item\":\"https:\\\/\\\/www.dialogheilpraxis-kalin.de\\\/\"},{\"@type\":\"ListItem\",\"position\":2,\"name\":\"Weiterlesen\"}]},{\"@type\":\"WebSite\",\"@id\":\"https:\\\/\\\/www.dialogheilpraxis-kalin.de\\\/#website\",\"url\":\"https:\\\/\\\/www.dialogheilpraxis-kalin.de\\\/\",\"name\":\"Dialogheilpraxis Kalin\",\"description\":\"Diplom P\u00e4dagoge Manfred Kalin\",\"potentialAction\":[{\"@type\":\"SearchAction\",\"target\":{\"@type\":\"EntryPoint\",\"urlTemplate\":\"https:\\\/\\\/www.dialogheilpraxis-kalin.de\\\/?s={search_term_string}\"},\"query-input\":{\"@type\":\"PropertyValueSpecification\",\"valueRequired\":true,\"valueName\":\"search_term_string\"}}],\"inLanguage\":\"de\"},{\"@type\":\"Person\",\"@id\":\"https:\\\/\\\/www.dialogheilpraxis-kalin.de\\\/#\\\/schema\\\/person\\\/8b3018e3ed38cbd67b8d9c06e7308cc5\",\"name\":\"Mary Kalin\",\"image\":{\"@type\":\"ImageObject\",\"inLanguage\":\"de\",\"@id\":\"https:\\\/\\\/secure.gravatar.com\\\/avatar\\\/6dda0e665f183822dad33d1736745fefabbd532e503ea4efea8a1cb68c61844e?s=96&d=mm&r=g\",\"url\":\"https:\\\/\\\/secure.gravatar.com\\\/avatar\\\/6dda0e665f183822dad33d1736745fefabbd532e503ea4efea8a1cb68c61844e?s=96&d=mm&r=g\",\"contentUrl\":\"https:\\\/\\\/secure.gravatar.com\\\/avatar\\\/6dda0e665f183822dad33d1736745fefabbd532e503ea4efea8a1cb68c61844e?s=96&d=mm&r=g\",\"caption\":\"Mary Kalin\"},\"url\":\"https:\\\/\\\/www.dialogheilpraxis-kalin.de\\\/?author=3\"}]}<\/script>\n<!-- \/ Yoast SEO plugin. -->","yoast_head_json":{"title":"Weiterlesen - Dialogheilpraxis Kalin","description":"Sie interessieren sich f\u00fcr mehr Information zum Weiterlesen, dann k\u00f6nnen Sie sich mit den Links auf dieser Seite mehr Information holen.","robots":{"index":"index","follow":"nofollow","max-snippet":"max-snippet:-1","max-image-preview":"max-image-preview:large","max-video-preview":"max-video-preview:-1"},"canonical":"https:\/\/www.dialogheilpraxis-kalin.de\/?page_id=131","og_locale":"de_DE","og_type":"article","og_title":"Weiterlesen - Dialogheilpraxis Kalin","og_description":"Sie interessieren sich f\u00fcr mehr Information zum Weiterlesen, dann k\u00f6nnen Sie sich mit den Links auf dieser Seite mehr Information holen.","og_url":"https:\/\/www.dialogheilpraxis-kalin.de\/?page_id=131","og_site_name":"Dialogheilpraxis Kalin","article_modified_time":"2025-12-16T16:29:15+00:00","og_image":[{"width":2560,"height":1714,"url":"https:\/\/www.dialogheilpraxis-kalin.de\/wp-content\/uploads\/2022\/11\/Auf-dem-Fluss-1.jpg","type":"image\/jpeg"}],"twitter_card":"summary_large_image","twitter_misc":{"Gesch\u00e4tzte Lesezeit":"1\u00a0Minute"},"schema":{"@context":"https:\/\/schema.org","@graph":[{"@type":"Article","@id":"https:\/\/www.dialogheilpraxis-kalin.de\/?page_id=131#article","isPartOf":{"@id":"https:\/\/www.dialogheilpraxis-kalin.de\/?page_id=131"},"author":{"name":"Mary Kalin","@id":"https:\/\/www.dialogheilpraxis-kalin.de\/#\/schema\/person\/8b3018e3ed38cbd67b8d9c06e7308cc5"},"headline":"Weiterlesen","datePublished":"2021-06-28T16:21:15+00:00","dateModified":"2025-12-16T16:29:15+00:00","mainEntityOfPage":{"@id":"https:\/\/www.dialogheilpraxis-kalin.de\/?page_id=131"},"wordCount":147,"image":{"@id":"https:\/\/www.dialogheilpraxis-kalin.de\/?page_id=131#primaryimage"},"thumbnailUrl":"https:\/\/www.dialogheilpraxis-kalin.de\/wp-content\/uploads\/2022\/11\/Auf-dem-Fluss-1.jpg","inLanguage":"de"},{"@type":"WebPage","@id":"https:\/\/www.dialogheilpraxis-kalin.de\/?page_id=131","url":"https:\/\/www.dialogheilpraxis-kalin.de\/?page_id=131","name":"Weiterlesen - Dialogheilpraxis Kalin","isPartOf":{"@id":"https:\/\/www.dialogheilpraxis-kalin.de\/#website"},"primaryImageOfPage":{"@id":"https:\/\/www.dialogheilpraxis-kalin.de\/?page_id=131#primaryimage"},"image":{"@id":"https:\/\/www.dialogheilpraxis-kalin.de\/?page_id=131#primaryimage"},"thumbnailUrl":"https:\/\/www.dialogheilpraxis-kalin.de\/wp-content\/uploads\/2022\/11\/Auf-dem-Fluss-1.jpg","datePublished":"2021-06-28T16:21:15+00:00","dateModified":"2025-12-16T16:29:15+00:00","description":"Sie interessieren sich f\u00fcr mehr Information zum Weiterlesen, dann k\u00f6nnen Sie sich mit den Links auf dieser Seite mehr Information holen.","breadcrumb":{"@id":"https:\/\/www.dialogheilpraxis-kalin.de\/?page_id=131#breadcrumb"},"inLanguage":"de","potentialAction":[{"@type":"ReadAction","target":["https:\/\/www.dialogheilpraxis-kalin.de\/?page_id=131"]}]},{"@type":"ImageObject","inLanguage":"de","@id":"https:\/\/www.dialogheilpraxis-kalin.de\/?page_id=131#primaryimage","url":"https:\/\/www.dialogheilpraxis-kalin.de\/wp-content\/uploads\/2022\/11\/Auf-dem-Fluss-1.jpg","contentUrl":"https:\/\/www.dialogheilpraxis-kalin.de\/wp-content\/uploads\/2022\/11\/Auf-dem-Fluss-1.jpg","width":2560,"height":1714,"caption":"Auf dem Fluss"},{"@type":"BreadcrumbList","@id":"https:\/\/www.dialogheilpraxis-kalin.de\/?page_id=131#breadcrumb","itemListElement":[{"@type":"ListItem","position":1,"name":"Startseite","item":"https:\/\/www.dialogheilpraxis-kalin.de\/"},{"@type":"ListItem","position":2,"name":"Weiterlesen"}]},{"@type":"WebSite","@id":"https:\/\/www.dialogheilpraxis-kalin.de\/#website","url":"https:\/\/www.dialogheilpraxis-kalin.de\/","name":"Dialogheilpraxis Kalin","description":"Diplom P\u00e4dagoge Manfred Kalin","potentialAction":[{"@type":"SearchAction","target":{"@type":"EntryPoint","urlTemplate":"https:\/\/www.dialogheilpraxis-kalin.de\/?s={search_term_string}"},"query-input":{"@type":"PropertyValueSpecification","valueRequired":true,"valueName":"search_term_string"}}],"inLanguage":"de"},{"@type":"Person","@id":"https:\/\/www.dialogheilpraxis-kalin.de\/#\/schema\/person\/8b3018e3ed38cbd67b8d9c06e7308cc5","name":"Mary Kalin","image":{"@type":"ImageObject","inLanguage":"de","@id":"https:\/\/secure.gravatar.com\/avatar\/6dda0e665f183822dad33d1736745fefabbd532e503ea4efea8a1cb68c61844e?s=96&d=mm&r=g","url":"https:\/\/secure.gravatar.com\/avatar\/6dda0e665f183822dad33d1736745fefabbd532e503ea4efea8a1cb68c61844e?s=96&d=mm&r=g","contentUrl":"https:\/\/secure.gravatar.com\/avatar\/6dda0e665f183822dad33d1736745fefabbd532e503ea4efea8a1cb68c61844e?s=96&d=mm&r=g","caption":"Mary Kalin"},"url":"https:\/\/www.dialogheilpraxis-kalin.de\/?author=3"}]}},"_links":{"self":[{"href":"https:\/\/www.dialogheilpraxis-kalin.de\/index.php?rest_route=\/wp\/v2\/pages\/131","targetHints":{"allow":["GET"]}}],"collection":[{"href":"https:\/\/www.dialogheilpraxis-kalin.de\/index.php?rest_route=\/wp\/v2\/pages"}],"about":[{"href":"https:\/\/www.dialogheilpraxis-kalin.de\/index.php?rest_route=\/wp\/v2\/types\/page"}],"author":[{"embeddable":true,"href":"https:\/\/www.dialogheilpraxis-kalin.de\/index.php?rest_route=\/wp\/v2\/users\/3"}],"replies":[{"embeddable":true,"href":"https:\/\/www.dialogheilpraxis-kalin.de\/index.php?rest_route=%2Fwp%2Fv2%2Fcomments&post=131"}],"version-history":[{"count":4,"href":"https:\/\/www.dialogheilpraxis-kalin.de\/index.php?rest_route=\/wp\/v2\/pages\/131\/revisions"}],"predecessor-version":[{"id":745,"href":"https:\/\/www.dialogheilpraxis-kalin.de\/index.php?rest_route=\/wp\/v2\/pages\/131\/revisions\/745"}],"wp:featuredmedia":[{"embeddable":true,"href":"https:\/\/www.dialogheilpraxis-kalin.de\/index.php?rest_route=\/wp\/v2\/media\/549"}],"wp:attachment":[{"href":"https:\/\/www.dialogheilpraxis-kalin.de\/index.php?rest_route=%2Fwp%2Fv2%2Fmedia&parent=131"}],"curies":[{"name":"wp","href":"https:\/\/api.w.org\/{rel}","templated":true}]}}